{"id":3,"date":"2023-12-14T16:03:06","date_gmt":"2023-12-14T16:03:06","guid":{"rendered":"https:\/\/new.theoaklounge.com\/?page_id=3"},"modified":"2024-08-07T17:06:15","modified_gmt":"2024-08-07T14:06:15","slug":"privaatsuspoliitika","status":"publish","type":"page","link":"https:\/\/new.theoaklounge.com\/et\/privaatsuspoliitika\/","title":{"rendered":"Privaatsuspoliitika"},"content":{"rendered":"\t\t<div data-elementor-type=\"wp-page\" data-elementor-id=\"3\" class=\"elementor elementor-3\" data-elementor-post-type=\"page\">\n\t\t\t\t<div class=\"elementor-element elementor-element-7ae92865 e-flex e-con-boxed e-con e-parent\" data-id=\"7ae92865\" data-element_type=\"container\">\n\t\t\t\t\t<div class=\"e-con-inner\">\n\t\t\t\t<div class=\"elementor-element elementor-element-18142d18 elementor-widget elementor-widget-text-editor\" data-id=\"18142d18\" data-element_type=\"widget\" data-widget_type=\"text-editor.default\">\n\t\t\t\t<div class=\"elementor-widget-container\">\n\t\t\t<style>\/*! elementor - v3.21.0 - 15-04-2024 *\/\n.elementor-widget-text-editor.elementor-drop-cap-view-stacked .elementor-drop-cap{background-color:#69727d;color:#fff}.elementor-widget-text-editor.elementor-drop-cap-view-framed .elementor-drop-cap{color:#69727d;border:3px solid;background-color:transparent}.elementor-widget-text-editor:not(.elementor-drop-cap-view-default) .elementor-drop-cap{margin-top:8px}.elementor-widget-text-editor:not(.elementor-drop-cap-view-default) .elementor-drop-cap-letter{width:1em;height:1em}.elementor-widget-text-editor .elementor-drop-cap{float:left;text-align:center;line-height:1;font-size:50px}.elementor-widget-text-editor .elementor-drop-cap-letter{display:inline-block}<\/style>\t\t\t\t<p>E-poodi haldab Rasa Trading Company AS. K\u00e4esoleva veebisaidi eesm\u00e4rk on tutvustada ja m\u00fc\u00fca erinevaid tooteid ja nende juurde kuuluvaid lisaseadmeid.<\/p><p>Me t\u00f6\u00f6tleme isikuandmeid vastavuses EU Isikuandmete kaitse \u00fcldm\u00e4\u00e4rusega (GDPR, EU 2016\/679) ja Eesti Vabariigi seadustega. Meie privaatsuspoliitika selgitab kuidas ja miks me isikuandmeid kogume ja t\u00f6\u00f6tleme.<\/p><h2><b>Milliseid isikuandmeid me kogume?<\/b><\/h2><p>Kodulehte\u00a0 k\u00fclastades teie isikuandmeid ei koguta. Teil on v\u00f5imalus esitada isikuandmeid vabatahtlikult meililistiga liitumisel v\u00f5i tellimust sooritades. Teilt k\u00fcsitakse:<\/p><ul><li aria-level=\"1\">nime<\/li><li aria-level=\"1\">e-posti aadressi<\/li><li aria-level=\"1\">telefoninumber<\/li><\/ul><h2><b>Miks me isikuandmeid kogume ja t\u00f6\u00f6tleme?<\/b><\/h2><p>Me kogume ja t\u00f6\u00f6tleme isikuandmeid j\u00e4rgmistel eesm\u00e4rkidel:<\/p><ul><li aria-level=\"1\">et saata Teie k\u00fcsimustele vastuseid.<\/li><li aria-level=\"1\">et saata uudiskirju<\/li><li aria-level=\"1\">et t\u00e4ita tellimusi, mis olete meile esitanud<\/li><\/ul><h2><b>K\u00fcpsised ja pikslid<\/b><\/h2><p>K\u00fcpsis on v\u00e4ike tekstifail, mis salvestatakse veebisaidi k\u00fclastamisel kasutaja seadmesse ning v\u00f5imaldab meelde j\u00e4tta kasutaja eelistused nagu kirjasuurus, suhtluskeel, seadmeinfo, k\u00fclastusstatistika jms<\/p><p>K\u00f5ik brauserid on vaikimisi seatud k\u00fcpsiseid lubama, kuid brauseri seadeid saab \u00fcldjuhul muuta selliselt, et brauser keeldub k\u00fcpsistest t\u00e4ielikult, blokeerib kolmandate isikute k\u00fcpsised v\u00f5i teavitab kasutajat igast saadetud k\u00fcpsisest.<\/p><p>K\u00e4esolev veebisait saadab v\u00e4ikeseid faile (\u201ek\u00fcpsiseid\u201c) teie arvutitele ja mobiilseadmetele, mida on vaja selle veebisaidi toimimiseks ja et koguda anon\u00fc\u00fcmset veebianal\u00fc\u00fcsi.<\/p><p>Pikslisildid on v\u00e4ikesed veebisaidi koodil\u00f5igud, mis v\u00f5imaldavad veebilehtedel k\u00fcpsiseid lugeda ja paigaldada. Need k\u00e4ivituvad, kui kasutaja avab e-kirja v\u00f5i saabub veebisaidile, misj\u00e4rel laaditakse alla kolmandate isikute k\u00fcpsiseid v\u00f5i registreeritakse, et kasutaja on e-kirja avanud.<\/p><ul><li aria-level=\"1\">Kogume ja anal\u00fc\u00fcsime anon\u00fc\u00fcmset veebistatistikat selle kohta, kuidas kasutajad veebilehel liiguvad. Teeme seda kasutades tarkvara Google Analytics, mis k\u00e4sitleb andmeid anon\u00fc\u00fcmsetena ja ei kogu ega t\u00f6\u00f6tle isikuandmeid.<\/li><li aria-level=\"1\">Kogume ja anal\u00fc\u00fcsime anon\u00fc\u00fcmset veebistatistikat selle kohta, kuidas kasutajad veebilehte kasutavad. Teeme seda kasutades tarkvara Hotjar, mis k\u00e4sitleb andmeid anon\u00fc\u00fcmsetena. Sellest paraneb kodulehe kasutusmugavus.<\/li><li aria-level=\"1\">medifum.ee lehele on lisatud Facebook pixel kood ning kui te ei soovi nende veebilehtede reklaami enam Facebookis n\u00e4ha siis v\u00f5ite selle keelata siin:\u00a0<a href=\"https:\/\/www.facebook.com\/ads\/preferences\">https:\/\/www.facebook.com\/ads\/preferences<\/a>\u00a0kustutades \u201cReklaamijad, kellega oled suhelnud\u201d valiku alt medifum<\/li><li aria-level=\"1\">Adroll partnerid nagu meie Rasa Trading Company AS alla kuuluvad selliseid tehnoloogiaid nagu k\u00fcpsised sisu ja reklaamide isikup\u00e4rastamisi, sotsiaalmeedia funktsioonide ja liikluse anal\u00fc\u00fcsimiseks. \u201cReklaam\u201d v\u00f5i \u201creklaamid\u201d, samuti \u201csihtimine\u201d v\u00f5i \u201cisikup\u00e4rastamine\u201d need on kasutajaandmete jaoks kasutatavad p\u00f5hielemendid, seega tahame veenduda, et teie kasutajana olete selgelt teadlikud. Adroll privaatsuspoliitika (https:\/\/www.adrollgroup.com\/privacy).<\/li><\/ul><h2><b>Kellele andmeid edastatakse?<\/b><\/h2><p>Rasa Trading Company AS ei edasta kliendi andmeid v\u00e4ljapoole Euroopa (EU) Majanduspiirkonda. Me k\u00e4sitleme teie isikuandmeid konfidentsiaalsetena ja ei edasta neid teistele isikutele. Ettev\u00f5te edastab makseid puudutava info andmete t\u00f6\u00f6tlemiseks volitatud (jur) isikule Montonio UAB.<\/p><h2><b>Isikuandmete edastamine v\u00e4ljaspool ELi<\/b><\/h2><p>Me ei edasta teie isikuandmeid v\u00e4ljaspoole Euroopa Liitu v\u00f5i Euroopa Majanduspiirkonda (EMP).<\/p><h2><b>Andmete turvalisus<\/b><\/h2><p>Me to\u0308o\u0308tame selle nimel, et kaitsta teie andmeid volitamata juurdepa\u0308a\u0308su eest vo\u0303i selle volitamata muutmise, avalikustamise vo\u0303i rikkumise eest.<\/p><p>Andmete turvalisuse tagamiseks teeme j\u00e4rgmist:<\/p><ul><li aria-level=\"1\">K\u00e4sitleme k\u00f5iki isikuandmeid konfidentsiaalsetena.<\/li><li aria-level=\"1\">Kasutame ainult kru\u0308pteerime teenuseid, kasutades SSL-i.<\/li><li aria-level=\"1\">Piirame juurdepa\u0308a\u0308su isikuandmetele, andes ligip\u00e4\u00e4su ainult neile to\u0308o\u0308tajatele ja lepinguosalistele, kellel on seda teavet vaja selle to\u0308o\u0308tlemiseks, ning kellele kehtivad ranged lepingulised konfidentsiaalsusega seotud kohustused ja keda vo\u0303ib karistada vo\u0303i nendega lepingu lo\u0303petada, kui nad ei ta\u0308ida neid kohustusi.<\/li><li aria-level=\"1\">Hoiame isikuandmeid peamiselt digitaalsel kujul ja mitte paberkandjal, et tagada turvalisem ligip\u00e4\u00e4sukontrolli teostamine.<\/li><li aria-level=\"1\">Isikuandmete hoidla on kaitstud vajalike IT tehniliste ja organisatoorsete kaitsemeetmetega.<\/li><\/ul><p>Kuigi me kasutame rangeid turvalisuse reegleid nende isikuandmete kohta, mis on meie keskkonda j\u00f5udnud, tuleb m\u00e4rkida, et internet ei ole kunagi t\u00e4iesti turvaline ja me ei saa garanteerida teie poolt saadetud andmete turvalist edastust meieni.\u00a0 Andmete saatmise turvalisus on alati teie enda risk.<\/p><h2><b>Millised \u00f5igused teil on ja kuidas saate oma \u00f5igusi teostada?<\/b><\/h2><p>Kui te olete avaldanud n\u00f5usoleku oma isikuandmete teatud viisil kogumiseks, t\u00f6\u00f6tlemiseks ja kasutamiseks, v\u00f5ite selle n\u00f5usoleku tulevikus igal ajal tagasi v\u00f5tta.<\/p><p>Koosk\u00f5las kohalduvate andmekaitset k\u00e4sitlevate \u00f5igusaktidega on teil \u00f5igus:<\/p><ul><li aria-level=\"1\">Taotleda juurdep\u00e4\u00e4su oma isikuandmetele.<\/li><li aria-level=\"1\">Taotleda oma isikuandmete parandamist.<\/li><li aria-level=\"1\">Taotleda oma isikuandmete kustutamist.<\/li><li aria-level=\"1\">Taotleda oma isikuandmete t\u00f6\u00f6tlemise piiramist.<\/li><li aria-level=\"1\">Taotleda oma isikuandmete \u00fclekandmist.<\/li><li aria-level=\"1\">Taotleda oma isikuandmete t\u00f6\u00f6tlemise n\u00f5usoleku tagasiv\u00f5tmist.<\/li><li aria-level=\"1\">Avaldada vastuseisu automatiseeritud otsuste tegemisele (sealhulgas profileerimisele).<\/li><\/ul><p>Taotlus peab v\u00f5imaldama teie isikut \u00fcheselt identifitseerida. Oma \u00f5iguste teostamiseks ja taotluse edastamiseks v\u00f5tke palun meiega \u00fchendust punktis (\u201eV\u00f5tke \u00fchendust\u201c) s\u00e4testatud viisil.<\/p><p>Palun arvestage, et te saate n\u00f5uda oma isikuandmete kustutamist, t\u00f6\u00f6tlemisele piirangu seadmist vm ainult juhul, kui see on koosk\u00f5las seadusliku alusega ja andmekaitset k\u00e4sitlevate \u00f5igusaktidega.<\/p><p>Kaebuste korral on teil \u00f5igus esitada kaebus p\u00e4devale andmekaitseasutusele. Teeme koosto\u0308o\u0308d vastavate reguleerivate asutustega, sh kohalike andmekaitseasutustega, et lahendada isikuandmete edastusega seotud kaebusi.<\/p><h2><b>Kui kaua s\u00e4ilitame teie isikuandmeid?<\/b><\/h2><p>Teie isikuandmeid s\u00e4ilitatakse nii kaua, kui see on vajalik teile soovitud teenuste osutamiseks. Kui\u00a0 isikuandmeid ei ole kasutatud j\u00e4rjest 3 aasta jooksul, siis kustutame teie isikuandmed v\u00f5i muudame teie isikuandmed anon\u00fc\u00fcmseks, v\u00e4lja arvatud juhul, kui kohalduvad kohustuslikud s\u00e4ilitamisn\u00f5uded.<\/p><p>Isikustamata kogutud andmeid s\u00e4ilitatakse t\u00e4htajatult.<\/p><h2><b>Privaatsuspoliitika tingimused ja muudatused<\/b><\/h2><p>K\u00e4esolevat veebisaiti kasutades olete k\u00e4esolevate p\u00f5him\u00f5tete ja tingimustega tutvunud ning nendega n\u00f5ustunud.<\/p><p>Meie privaatsuseeskirjad vo\u0303ivad aeg-ajalt muutuda. Me ei va\u0308henda teie privaatsuseeskirjadest tulenevaid o\u0303igusi ilma teie selgeso\u0303nalise no\u0303usolekuta. Postitame teate privaatsuseeskirjade mis tahes muudatustest sellel lehel ja suuremate muudatuste korral edastame ta\u0308psema teate.<\/p><h2><b>V\u00f5tke \u00fchendust<\/b><\/h2><p>Tekkivate k\u00fcsimuste korral v\u00f5ta \u00fchendust klienditoega ja saada kiri e-posti aadressil info@theoaklounge.com<b>.\u00a0<\/b>T\u00e4iendavad andmed ja kontaktid leiate siit!<\/p>\t\t\t\t\t\t<\/div>\n\t\t\t\t<\/div>\n\t\t\t\t\t<\/div>\n\t\t\t\t<\/div>\n\t\t\t\t<\/div>\n\t\t","protected":false},"excerpt":{"rendered":"<p>E-poodi haldab Rasa Trading Company AS. K\u00e4esoleva veebisaidi eesm\u00e4rk on tutvustada ja m\u00fc\u00fca erinevaid tooteid ja nende juurde kuuluvaid lisaseadmeid. Me t\u00f6\u00f6tleme isikuandmeid vastavuses EU Isikuandmete kaitse \u00fcldm\u00e4\u00e4rusega (GDPR, EU 2016\/679) ja Eesti Vabariigi seadustega. Meie privaatsuspoliitika selgitab kuidas ja miks me isikuandmeid kogume ja t\u00f6\u00f6tleme. Milliseid isikuandmeid me kogume? Kodulehte\u00a0 k\u00fclastades teie isikuandmeid ei [&hellip;]<\/p>\n","protected":false},"author":1,"featured_media":0,"parent":0,"menu_order":0,"comment_status":"closed","ping_status":"closed","template":"","meta":{"footnotes":""},"yoast_head":"<!-- This site is optimized with the Yoast SEO plugin v22.5 - https:\/\/yoast.com\/wordpress\/plugins\/seo\/ -->\n<title>Privaatsuspoliitika | new.theoaklounge.com<\/title>\n<meta name=\"robots\" content=\"index, follow, max-snippet:-1, max-image-preview:large, max-video-preview:-1\" \/>\n<link rel=\"canonical\" href=\"https:\/\/new.theoaklounge.com\/et\/privaatsuspoliitika\/\" \/>\n<meta property=\"og:locale\" content=\"et_EE\" \/>\n<meta property=\"og:type\" content=\"article\" \/>\n<meta property=\"og:title\" content=\"Privaatsuspoliitika | new.theoaklounge.com\" \/>\n<meta property=\"og:description\" content=\"E-poodi haldab Rasa Trading Company AS. K\u00e4esoleva veebisaidi eesm\u00e4rk on tutvustada ja m\u00fc\u00fca erinevaid tooteid ja nende juurde kuuluvaid lisaseadmeid. Me t\u00f6\u00f6tleme isikuandmeid vastavuses EU Isikuandmete kaitse \u00fcldm\u00e4\u00e4rusega (GDPR, EU 2016\/679) ja Eesti Vabariigi seadustega. Meie privaatsuspoliitika selgitab kuidas ja miks me isikuandmeid kogume ja t\u00f6\u00f6tleme. Milliseid isikuandmeid me kogume? Kodulehte\u00a0 k\u00fclastades teie isikuandmeid ei [&hellip;]\" \/>\n<meta property=\"og:url\" content=\"https:\/\/new.theoaklounge.com\/et\/privaatsuspoliitika\/\" \/>\n<meta property=\"og:site_name\" content=\"new.theoaklounge.com\" \/>\n<meta property=\"article:publisher\" content=\"https:\/\/www.facebook.com\/probiootiline\" \/>\n<meta property=\"article:modified_time\" content=\"2024-08-07T14:06:15+00:00\" \/>\n<meta name=\"twitter:card\" content=\"summary_large_image\" \/>\n<meta name=\"twitter:label1\" content=\"Est. reading time\" \/>\n\t<meta name=\"twitter:data1\" content=\"5 minutit\" \/>\n<script type=\"application\/ld+json\" class=\"yoast-schema-graph\">{\"@context\":\"https:\/\/schema.org\",\"@graph\":[{\"@type\":\"WebPage\",\"@id\":\"https:\/\/new.theoaklounge.com\/et\/privaatsuspoliitika\/\",\"url\":\"https:\/\/new.theoaklounge.com\/et\/privaatsuspoliitika\/\",\"name\":\"Privaatsuspoliitika | new.theoaklounge.com\",\"isPartOf\":{\"@id\":\"https:\/\/new.theoaklounge.com\/et\/#website\"},\"datePublished\":\"2023-12-14T16:03:06+00:00\",\"dateModified\":\"2024-08-07T14:06:15+00:00\",\"breadcrumb\":{\"@id\":\"https:\/\/new.theoaklounge.com\/et\/privaatsuspoliitika\/#breadcrumb\"},\"inLanguage\":\"et\",\"potentialAction\":[{\"@type\":\"ReadAction\",\"target\":[\"https:\/\/new.theoaklounge.com\/et\/privaatsuspoliitika\/\"]}]},{\"@type\":\"BreadcrumbList\",\"@id\":\"https:\/\/new.theoaklounge.com\/et\/privaatsuspoliitika\/#breadcrumb\",\"itemListElement\":[{\"@type\":\"ListItem\",\"position\":1,\"name\":\"Esileht\",\"item\":\"https:\/\/new.theoaklounge.com\/et\/\"},{\"@type\":\"ListItem\",\"position\":2,\"name\":\"Privaatsuspoliitika\"}]},{\"@type\":\"WebSite\",\"@id\":\"https:\/\/new.theoaklounge.com\/et\/#website\",\"url\":\"https:\/\/new.theoaklounge.com\/et\/\",\"name\":\"new.theoaklounge.com\",\"description\":\"Probiootilised h\u00fcgieeni-, koristus ja ilutooted\",\"publisher\":{\"@id\":\"https:\/\/new.theoaklounge.com\/et\/#organization\"},\"alternateName\":\"Pro&Bio\",\"potentialAction\":[{\"@type\":\"SearchAction\",\"target\":{\"@type\":\"EntryPoint\",\"urlTemplate\":\"https:\/\/new.theoaklounge.com\/et\/?s={search_term_string}\"},\"query-input\":\"required name=search_term_string\"}],\"inLanguage\":\"et\"},{\"@type\":\"Organization\",\"@id\":\"https:\/\/new.theoaklounge.com\/et\/#organization\",\"name\":\"Probio Group O\u00dc\",\"alternateName\":\"Pro&Bio\",\"url\":\"https:\/\/new.theoaklounge.com\/et\/\",\"logo\":{\"@type\":\"ImageObject\",\"inLanguage\":\"et\",\"@id\":\"https:\/\/new.theoaklounge.com\/et\/#\/schema\/logo\/image\/\",\"url\":\"https:\/\/new.theoaklounge.com\/wp-content\/uploads\/2024\/01\/Naomi-Goodwin-2-transparent.webp\",\"contentUrl\":\"https:\/\/new.theoaklounge.com\/wp-content\/uploads\/2024\/01\/Naomi-Goodwin-2-transparent.webp\",\"width\":1986,\"height\":1966,\"caption\":\"Probio Group O\u00dc\"},\"image\":{\"@id\":\"https:\/\/new.theoaklounge.com\/et\/#\/schema\/logo\/image\/\"},\"sameAs\":[\"https:\/\/www.facebook.com\/probiootiline\",\"https:\/\/www.instagram.com\/probiootiline\/\"]}]}<\/script>\n<!-- \/ Yoast SEO plugin. -->","yoast_head_json":{"title":"Privaatsuspoliitika | new.theoaklounge.com","robots":{"index":"index","follow":"follow","max-snippet":"max-snippet:-1","max-image-preview":"max-image-preview:large","max-video-preview":"max-video-preview:-1"},"canonical":"https:\/\/new.theoaklounge.com\/et\/privaatsuspoliitika\/","og_locale":"et_EE","og_type":"article","og_title":"Privaatsuspoliitika | new.theoaklounge.com","og_description":"E-poodi haldab Rasa Trading Company AS. K\u00e4esoleva veebisaidi eesm\u00e4rk on tutvustada ja m\u00fc\u00fca erinevaid tooteid ja nende juurde kuuluvaid lisaseadmeid. Me t\u00f6\u00f6tleme isikuandmeid vastavuses EU Isikuandmete kaitse \u00fcldm\u00e4\u00e4rusega (GDPR, EU 2016\/679) ja Eesti Vabariigi seadustega. Meie privaatsuspoliitika selgitab kuidas ja miks me isikuandmeid kogume ja t\u00f6\u00f6tleme. Milliseid isikuandmeid me kogume? Kodulehte\u00a0 k\u00fclastades teie isikuandmeid ei [&hellip;]","og_url":"https:\/\/new.theoaklounge.com\/et\/privaatsuspoliitika\/","og_site_name":"new.theoaklounge.com","article_publisher":"https:\/\/www.facebook.com\/probiootiline","article_modified_time":"2024-08-07T14:06:15+00:00","twitter_card":"summary_large_image","twitter_misc":{"Est. reading time":"5 minutit"},"schema":{"@context":"https:\/\/schema.org","@graph":[{"@type":"WebPage","@id":"https:\/\/new.theoaklounge.com\/et\/privaatsuspoliitika\/","url":"https:\/\/new.theoaklounge.com\/et\/privaatsuspoliitika\/","name":"Privaatsuspoliitika | new.theoaklounge.com","isPartOf":{"@id":"https:\/\/new.theoaklounge.com\/et\/#website"},"datePublished":"2023-12-14T16:03:06+00:00","dateModified":"2024-08-07T14:06:15+00:00","breadcrumb":{"@id":"https:\/\/new.theoaklounge.com\/et\/privaatsuspoliitika\/#breadcrumb"},"inLanguage":"et","potentialAction":[{"@type":"ReadAction","target":["https:\/\/new.theoaklounge.com\/et\/privaatsuspoliitika\/"]}]},{"@type":"BreadcrumbList","@id":"https:\/\/new.theoaklounge.com\/et\/privaatsuspoliitika\/#breadcrumb","itemListElement":[{"@type":"ListItem","position":1,"name":"Esileht","item":"https:\/\/new.theoaklounge.com\/et\/"},{"@type":"ListItem","position":2,"name":"Privaatsuspoliitika"}]},{"@type":"WebSite","@id":"https:\/\/new.theoaklounge.com\/et\/#website","url":"https:\/\/new.theoaklounge.com\/et\/","name":"new.theoaklounge.com","description":"Probiootilised h\u00fcgieeni-, koristus ja ilutooted","publisher":{"@id":"https:\/\/new.theoaklounge.com\/et\/#organization"},"alternateName":"Pro&Bio","potentialAction":[{"@type":"SearchAction","target":{"@type":"EntryPoint","urlTemplate":"https:\/\/new.theoaklounge.com\/et\/?s={search_term_string}"},"query-input":"required name=search_term_string"}],"inLanguage":"et"},{"@type":"Organization","@id":"https:\/\/new.theoaklounge.com\/et\/#organization","name":"Probio Group O\u00dc","alternateName":"Pro&Bio","url":"https:\/\/new.theoaklounge.com\/et\/","logo":{"@type":"ImageObject","inLanguage":"et","@id":"https:\/\/new.theoaklounge.com\/et\/#\/schema\/logo\/image\/","url":"https:\/\/new.theoaklounge.com\/wp-content\/uploads\/2024\/01\/Naomi-Goodwin-2-transparent.webp","contentUrl":"https:\/\/new.theoaklounge.com\/wp-content\/uploads\/2024\/01\/Naomi-Goodwin-2-transparent.webp","width":1986,"height":1966,"caption":"Probio Group O\u00dc"},"image":{"@id":"https:\/\/new.theoaklounge.com\/et\/#\/schema\/logo\/image\/"},"sameAs":["https:\/\/www.facebook.com\/probiootiline","https:\/\/www.instagram.com\/probiootiline\/"]}]}},"_links":{"self":[{"href":"https:\/\/new.theoaklounge.com\/et\/wp-json\/wp\/v2\/pages\/3"}],"collection":[{"href":"https:\/\/new.theoaklounge.com\/et\/wp-json\/wp\/v2\/pages"}],"about":[{"href":"https:\/\/new.theoaklounge.com\/et\/wp-json\/wp\/v2\/types\/page"}],"author":[{"embeddable":true,"href":"https:\/\/new.theoaklounge.com\/et\/wp-json\/wp\/v2\/users\/1"}],"replies":[{"embeddable":true,"href":"https:\/\/new.theoaklounge.com\/et\/wp-json\/wp\/v2\/comments?post=3"}],"version-history":[{"count":10,"href":"https:\/\/new.theoaklounge.com\/et\/wp-json\/wp\/v2\/pages\/3\/revisions"}],"predecessor-version":[{"id":141098,"href":"https:\/\/new.theoaklounge.com\/et\/wp-json\/wp\/v2\/pages\/3\/revisions\/141098"}],"wp:attachment":[{"href":"https:\/\/new.theoaklounge.com\/et\/wp-json\/wp\/v2\/media?parent=3"}],"curies":[{"name":"wp","href":"https:\/\/api.w.org\/{rel}","templated":true}]}}