{"id":141077,"date":"2024-08-07T16:55:58","date_gmt":"2024-08-07T13:55:58","guid":{"rendered":"https:\/\/new.theoaklounge.com\/?page_id=141077"},"modified":"2024-08-07T16:55:59","modified_gmt":"2024-08-07T13:55:59","slug":"viskist","status":"publish","type":"page","link":"https:\/\/new.theoaklounge.com\/et\/viskist\/","title":{"rendered":"Viskist"},"content":{"rendered":"\n<h2 class=\"wp-block-heading\">Kas Sa teadsid, et \u2026<\/h2>\n\n\n\n<p>\u2026kuigi viski vanem ajalugu on p\u00f5hiliselt kaetud ajaloo looriga on siiski teada, et esimene viski valmis umbes 2700 aastat tagasi Indias. Arraki nime all tuntud jook levis sealt Egiptuse kaudu Euroopasse.<\/p>\n\n\n\n<p>\u2026.umbes 2200 aastat tagasi kirjeldas Aristoteles oma teoses \u201cMeteoroloogia\u201d viski valmistamist.<\/p>\n\n\n\n<p>\u2026.vanim kirjalik teade viski valmistamisest Shotimaal ulatub aastasse 1494, kui \u201cpaater John Cor\u2019ile eraldatakse aqua vitae valmistamiseks kaheksa kimpu linnaseid\u201d.<\/p>\n\n\n\n<p>\u2026\u0160otimaal kasutati viskit algselt ravimina. Samav\u00e4\u00e4rselt t\u00e4iskasvanutega manustati seda ka lastele ja imikutele.<\/p>\n\n\n\n<p>\u2026aastal 1777 oli \u0160otimaa pealinnas Edinburghis kaheksa litsenseeritud pruulimiskoda, salaviskit aeti samal ajal 400 p\u00f5randaaluses pruulkojas.<\/p>\n\n\n\n<p>\u2026kuigi 1820-ndatel aastatel konfiskeeriti igal aastal \u00fcle 14 tuhande villimisaparaadi, oli \u00fcle poole \u0160otimaal joodud viskist illegaalne.<\/p>\n\n\n\n<p>\u2026.suure panuse \u0161oti viski tuntusele v\u00e4ljaspool \u0160otimaad on andnud kuninganna Victoria, kelle \u00fcheks lemmikjoogiks oli viski teega.<\/p>\n\n\n\n<p>\u2026 prantslased eelistavad kodumaisele konjakile \u0161oti viskit. Kui 1880-ndatel aastatel laastas prantsuse viinam\u00e4gesid taimekatk ja veinikeldrid kiiresti veinist ja konjakist t\u00fchjaks said, siis pakkusid viski n\u00e4ol oma abi s\u00f5bralikud \u0161otlased. Peale kohaliku veinit\u00f6\u00f6stuse taastamist selgus t\u00f5siasi, et enamus prantslasi eelistab kanget alkoholi ikkagi viski kujul manustada.<\/p>\n\n\n\n<p>\u2026.keeluseaduse ajal Ameerika \u00dchendriikides sai viskit ainult retsepti alusel ja \u201cmeditsiinilistel\u201d eesm\u00e4rkidel.<\/p>\n\n\n\n<p><strong>Veel \u00fcks v\u00e4ike t\u00e4helepanek:<\/strong><br>Iirlaste viski kirjutatakse WHISKEY ja \u0161otlaste viski WHISKY. Erinevus on kujunenud sellest, et iirlased ja \u0161otlased r\u00e4\u00e4givad erinevat gaeli keelt (kuigi osa allikaid v\u00e4idab, et ka \u0161otlased nimetasid oma viskit whiskey\u2019ks kahek\u00fcmnenda sajandi alguseni). Ka burboonviskiside kirjapilt on tavaliselt whiskey.<\/p>\n\n\n\n<p>L\u00e4bi ajaloo on olnud vaidluse teemaks, kes on esimesed viskiajajad, kas \u0161otlased v\u00f5i iirlased.<br>Kaalukauss kipub iirlaste kasuks vajuma, sest v\u00e4idetavalt pani 5.sajandil Iirimaa destilleerimskunstile aluse P\u00fcha Patrick, kes sel ajal oli Apostel Patrick (u.389-u.461). Ajaloo\u00fcrikud teavad pajatada ka iirlaste joogist poteenist, mida peetakse seda sorti kangete alkohoolsete jookide eelk\u00e4ijaks ja mis oli pikka aega ainus kange naps vanal heal Inglismaal.<br>Legende ja v\u00e4iteid on ka teisi\u2026<\/p>\n\n\n\n<p><strong>Laias laastus v\u00f5iks viskid jagada nelja suuremasse gruppi:<\/strong><br>* linnaseviski (ehk Malt Whisky)<br>* teraviljaviski (Grain Whisky)<br>* seguviski (Blended Whisky)<br>* \u2026 ja k\u00f5ik \u00fclej\u00e4\u00e4nud viskilised, mida viskis\u00f5brad p\u00e4riselt viskideks nimetada ei tihka \u2013 burboon viskid ehk Ameerika viskid, Kanada viskid, viskilik\u00f6\u00f6rid ning ekstravagantsed tooted erinevatest maadest: Jaapani, India, Uus-Meremaa, Prantsusmaa, L\u00e4ti jne.<\/p>\n\n\n\n<p>Allikas: P\u00f5ltsamaa viskiklubi<\/p>\n","protected":false},"excerpt":{"rendered":"<p>Kas Sa teadsid, et \u2026 \u2026kuigi viski vanem ajalugu on p\u00f5hiliselt kaetud ajaloo looriga on siiski teada, et esimene viski valmis umbes 2700 aastat tagasi Indias. Arraki nime all tuntud jook levis sealt Egiptuse kaudu Euroopasse. \u2026.umbes 2200 aastat tagasi kirjeldas Aristoteles oma teoses \u201cMeteoroloogia\u201d viski valmistamist. \u2026.vanim kirjalik teade viski valmistamisest Shotimaal ulatub aastasse [&hellip;]<\/p>\n","protected":false},"author":1,"featured_media":0,"parent":0,"menu_order":0,"comment_status":"closed","ping_status":"closed","template":"","meta":{"footnotes":""},"yoast_head":"<!-- This site is optimized with the Yoast SEO plugin v22.5 - https:\/\/yoast.com\/wordpress\/plugins\/seo\/ -->\n<title>Viskist | new.theoaklounge.com<\/title>\n<meta name=\"robots\" content=\"index, follow, max-snippet:-1, max-image-preview:large, max-video-preview:-1\" \/>\n<link rel=\"canonical\" href=\"https:\/\/new.theoaklounge.com\/et\/viskist\/\" \/>\n<meta property=\"og:locale\" content=\"et_EE\" \/>\n<meta property=\"og:type\" content=\"article\" \/>\n<meta property=\"og:title\" content=\"Viskist | new.theoaklounge.com\" \/>\n<meta property=\"og:description\" content=\"Kas Sa teadsid, et \u2026 \u2026kuigi viski vanem ajalugu on p\u00f5hiliselt kaetud ajaloo looriga on siiski teada, et esimene viski valmis umbes 2700 aastat tagasi Indias. Arraki nime all tuntud jook levis sealt Egiptuse kaudu Euroopasse. \u2026.umbes 2200 aastat tagasi kirjeldas Aristoteles oma teoses \u201cMeteoroloogia\u201d viski valmistamist. \u2026.vanim kirjalik teade viski valmistamisest Shotimaal ulatub aastasse [&hellip;]\" \/>\n<meta property=\"og:url\" content=\"https:\/\/new.theoaklounge.com\/et\/viskist\/\" \/>\n<meta property=\"og:site_name\" content=\"new.theoaklounge.com\" \/>\n<meta property=\"article:publisher\" content=\"https:\/\/www.facebook.com\/probiootiline\" \/>\n<meta property=\"article:modified_time\" content=\"2024-08-07T13:55:59+00:00\" \/>\n<meta name=\"twitter:card\" content=\"summary_large_image\" \/>\n<meta name=\"twitter:label1\" content=\"Est. reading time\" \/>\n\t<meta name=\"twitter:data1\" content=\"2 minutit\" \/>\n<script type=\"application\/ld+json\" class=\"yoast-schema-graph\">{\"@context\":\"https:\/\/schema.org\",\"@graph\":[{\"@type\":\"WebPage\",\"@id\":\"https:\/\/new.theoaklounge.com\/et\/viskist\/\",\"url\":\"https:\/\/new.theoaklounge.com\/et\/viskist\/\",\"name\":\"Viskist | new.theoaklounge.com\",\"isPartOf\":{\"@id\":\"https:\/\/new.theoaklounge.com\/et\/#website\"},\"datePublished\":\"2024-08-07T13:55:58+00:00\",\"dateModified\":\"2024-08-07T13:55:59+00:00\",\"breadcrumb\":{\"@id\":\"https:\/\/new.theoaklounge.com\/et\/viskist\/#breadcrumb\"},\"inLanguage\":\"et\",\"potentialAction\":[{\"@type\":\"ReadAction\",\"target\":[\"https:\/\/new.theoaklounge.com\/et\/viskist\/\"]}]},{\"@type\":\"BreadcrumbList\",\"@id\":\"https:\/\/new.theoaklounge.com\/et\/viskist\/#breadcrumb\",\"itemListElement\":[{\"@type\":\"ListItem\",\"position\":1,\"name\":\"Esileht\",\"item\":\"https:\/\/new.theoaklounge.com\/et\/\"},{\"@type\":\"ListItem\",\"position\":2,\"name\":\"Viskist\"}]},{\"@type\":\"WebSite\",\"@id\":\"https:\/\/new.theoaklounge.com\/et\/#website\",\"url\":\"https:\/\/new.theoaklounge.com\/et\/\",\"name\":\"new.theoaklounge.com\",\"description\":\"Probiootilised h\u00fcgieeni-, koristus ja ilutooted\",\"publisher\":{\"@id\":\"https:\/\/new.theoaklounge.com\/et\/#organization\"},\"alternateName\":\"Pro&Bio\",\"potentialAction\":[{\"@type\":\"SearchAction\",\"target\":{\"@type\":\"EntryPoint\",\"urlTemplate\":\"https:\/\/new.theoaklounge.com\/et\/?s={search_term_string}\"},\"query-input\":\"required name=search_term_string\"}],\"inLanguage\":\"et\"},{\"@type\":\"Organization\",\"@id\":\"https:\/\/new.theoaklounge.com\/et\/#organization\",\"name\":\"Probio Group O\u00dc\",\"alternateName\":\"Pro&Bio\",\"url\":\"https:\/\/new.theoaklounge.com\/et\/\",\"logo\":{\"@type\":\"ImageObject\",\"inLanguage\":\"et\",\"@id\":\"https:\/\/new.theoaklounge.com\/et\/#\/schema\/logo\/image\/\",\"url\":\"https:\/\/new.theoaklounge.com\/wp-content\/uploads\/2024\/01\/Naomi-Goodwin-2-transparent.webp\",\"contentUrl\":\"https:\/\/new.theoaklounge.com\/wp-content\/uploads\/2024\/01\/Naomi-Goodwin-2-transparent.webp\",\"width\":1986,\"height\":1966,\"caption\":\"Probio Group O\u00dc\"},\"image\":{\"@id\":\"https:\/\/new.theoaklounge.com\/et\/#\/schema\/logo\/image\/\"},\"sameAs\":[\"https:\/\/www.facebook.com\/probiootiline\",\"https:\/\/www.instagram.com\/probiootiline\/\"]}]}<\/script>\n<!-- \/ Yoast SEO plugin. -->","yoast_head_json":{"title":"Viskist | new.theoaklounge.com","robots":{"index":"index","follow":"follow","max-snippet":"max-snippet:-1","max-image-preview":"max-image-preview:large","max-video-preview":"max-video-preview:-1"},"canonical":"https:\/\/new.theoaklounge.com\/et\/viskist\/","og_locale":"et_EE","og_type":"article","og_title":"Viskist | new.theoaklounge.com","og_description":"Kas Sa teadsid, et \u2026 \u2026kuigi viski vanem ajalugu on p\u00f5hiliselt kaetud ajaloo looriga on siiski teada, et esimene viski valmis umbes 2700 aastat tagasi Indias. Arraki nime all tuntud jook levis sealt Egiptuse kaudu Euroopasse. \u2026.umbes 2200 aastat tagasi kirjeldas Aristoteles oma teoses \u201cMeteoroloogia\u201d viski valmistamist. \u2026.vanim kirjalik teade viski valmistamisest Shotimaal ulatub aastasse [&hellip;]","og_url":"https:\/\/new.theoaklounge.com\/et\/viskist\/","og_site_name":"new.theoaklounge.com","article_publisher":"https:\/\/www.facebook.com\/probiootiline","article_modified_time":"2024-08-07T13:55:59+00:00","twitter_card":"summary_large_image","twitter_misc":{"Est. reading time":"2 minutit"},"schema":{"@context":"https:\/\/schema.org","@graph":[{"@type":"WebPage","@id":"https:\/\/new.theoaklounge.com\/et\/viskist\/","url":"https:\/\/new.theoaklounge.com\/et\/viskist\/","name":"Viskist | new.theoaklounge.com","isPartOf":{"@id":"https:\/\/new.theoaklounge.com\/et\/#website"},"datePublished":"2024-08-07T13:55:58+00:00","dateModified":"2024-08-07T13:55:59+00:00","breadcrumb":{"@id":"https:\/\/new.theoaklounge.com\/et\/viskist\/#breadcrumb"},"inLanguage":"et","potentialAction":[{"@type":"ReadAction","target":["https:\/\/new.theoaklounge.com\/et\/viskist\/"]}]},{"@type":"BreadcrumbList","@id":"https:\/\/new.theoaklounge.com\/et\/viskist\/#breadcrumb","itemListElement":[{"@type":"ListItem","position":1,"name":"Esileht","item":"https:\/\/new.theoaklounge.com\/et\/"},{"@type":"ListItem","position":2,"name":"Viskist"}]},{"@type":"WebSite","@id":"https:\/\/new.theoaklounge.com\/et\/#website","url":"https:\/\/new.theoaklounge.com\/et\/","name":"new.theoaklounge.com","description":"Probiootilised h\u00fcgieeni-, koristus ja ilutooted","publisher":{"@id":"https:\/\/new.theoaklounge.com\/et\/#organization"},"alternateName":"Pro&Bio","potentialAction":[{"@type":"SearchAction","target":{"@type":"EntryPoint","urlTemplate":"https:\/\/new.theoaklounge.com\/et\/?s={search_term_string}"},"query-input":"required name=search_term_string"}],"inLanguage":"et"},{"@type":"Organization","@id":"https:\/\/new.theoaklounge.com\/et\/#organization","name":"Probio Group O\u00dc","alternateName":"Pro&Bio","url":"https:\/\/new.theoaklounge.com\/et\/","logo":{"@type":"ImageObject","inLanguage":"et","@id":"https:\/\/new.theoaklounge.com\/et\/#\/schema\/logo\/image\/","url":"https:\/\/new.theoaklounge.com\/wp-content\/uploads\/2024\/01\/Naomi-Goodwin-2-transparent.webp","contentUrl":"https:\/\/new.theoaklounge.com\/wp-content\/uploads\/2024\/01\/Naomi-Goodwin-2-transparent.webp","width":1986,"height":1966,"caption":"Probio Group O\u00dc"},"image":{"@id":"https:\/\/new.theoaklounge.com\/et\/#\/schema\/logo\/image\/"},"sameAs":["https:\/\/www.facebook.com\/probiootiline","https:\/\/www.instagram.com\/probiootiline\/"]}]}},"_links":{"self":[{"href":"https:\/\/new.theoaklounge.com\/et\/wp-json\/wp\/v2\/pages\/141077"}],"collection":[{"href":"https:\/\/new.theoaklounge.com\/et\/wp-json\/wp\/v2\/pages"}],"about":[{"href":"https:\/\/new.theoaklounge.com\/et\/wp-json\/wp\/v2\/types\/page"}],"author":[{"embeddable":true,"href":"https:\/\/new.theoaklounge.com\/et\/wp-json\/wp\/v2\/users\/1"}],"replies":[{"embeddable":true,"href":"https:\/\/new.theoaklounge.com\/et\/wp-json\/wp\/v2\/comments?post=141077"}],"version-history":[{"count":1,"href":"https:\/\/new.theoaklounge.com\/et\/wp-json\/wp\/v2\/pages\/141077\/revisions"}],"predecessor-version":[{"id":141078,"href":"https:\/\/new.theoaklounge.com\/et\/wp-json\/wp\/v2\/pages\/141077\/revisions\/141078"}],"wp:attachment":[{"href":"https:\/\/new.theoaklounge.com\/et\/wp-json\/wp\/v2\/media?parent=141077"}],"curies":[{"name":"wp","href":"https:\/\/api.w.org\/{rel}","templated":true}]}}