{"id":141075,"date":"2024-08-07T16:54:57","date_gmt":"2024-08-07T13:54:57","guid":{"rendered":"https:\/\/new.theoaklounge.com\/?page_id=141075"},"modified":"2024-08-07T16:54:58","modified_gmt":"2024-08-07T13:54:58","slug":"sigaritest","status":"publish","type":"page","link":"https:\/\/new.theoaklounge.com\/et\/sigaritest\/","title":{"rendered":"Sigaritest"},"content":{"rendered":"\n<h2 class=\"wp-block-heading\">Ajalugu<\/h2>\n\n\n\n<p>Kui Columbus 1492. aastal Kuuba rannikule j\u00f5udis, leidis tema meeskond eest kokkurullitud taimelehti suitsetavad indiaanlased. Kohalikud ise nimetasid neid lehti s\u00f5naga \u201ccoiba\u201d. Columbuse alluvuses seilanud Rodrigo de Jerez v\u00f5ttis selle kombe kaasa ka Hispaaniasse, kuid m\u00f5isteti kodumaal suitsetamise eest seitsmeks aastaks vangi. Ajaks, mil ta viimaks vabanes, oli tubaka tarbimine levinud juba pea k\u00f5ikjale Vanas Maailmas.<\/p>\n\n\n\n<p>Sellise v\u00e4limusega sigareid nagu teatakse t\u00e4nap\u00e4eval, hakkasid 18. sajanil valmistama hispaanlased. Esimene sigarivabrik avati 1720. aastal Sevillas. Kuubast toodud tubakalehtedest rulliti selles sigareid, mis olid \u00fclikute seas k\u00f5rges hinnas \u00fcle terve Euroopa. Hispaania m\u00f5ju v\u00e4henedes kolooniate majandusele avati 19. sajandil esimesed sigarivabrikud ka Havannas. Kuubas valminud sigarid olid maitseomadustelt Euroopas valmistatutest tunduvalt \u00fcle, samuti oli tootmine kohapeal soodsam, mist\u00f5ttu loobuti peagi tubaka veost Hispaaniasse. Nii m\u00f5nigi sellel ajaj\u00e4rgul Kuubas avatud sigarivabrikutest t\u00f6\u00f6tab t\u00e4naseni. Tuntum neist Partag\u00e1s nimeline vabrik, kus lisaks samanimelistele sigaritele valmistatakse sigareid ka sellistele tuntud br\u00e4ndide nagu El Rey Del Mundo, Romeo y Julieta ja Por Larranaga. Mitmed vabrikud, n\u00e4iteks kuulsaid Cohiba sigareid tootev El Laguito, alustasid t\u00f6\u00f6d alles p\u00e4rast revolutsiooni. Paljud pika traditsiooniga vabrikud nagu n\u00e4iteks La Corona ja H.Upmann on kolinud kaasaegsematesse hoonetesse, kuid tootmisprotsess ise on alates seemnete k\u00fclvamisest kuni sigarite k\u00e4sit\u00f6\u00f6na rullimiseni olnud muutumatu juba 300 aastat. Samuti on k\u00f5ik Kuuba sigarid t\u00e4naseni 100% puhtast tubakast ja kemikaalidest puutumata.<\/p>\n\n\n\n<h2 class=\"wp-block-heading\">Tubaka kasvatamine<\/h2>\n\n\n\n<p>Havanna sigarite valmistamiseks kasutatakse vaid Kuubal kasvatatud musta tubakat, Tabaco Negro Cubana. Kasutatakse sama tubakaseemet ka mujal maailmas, kuid v\u00f5rdv\u00e4\u00e4rset tulemust Kuuba p\u00e4ritolu tubakale ei ole saadud.<br>Sigarite tarvis kasvatatakse tubakat kahel erineval meetodil: varjus ja p\u00e4ikesevalguse k\u00e4es.<br>Esimese meetodi puhul kaetakse kogu p\u00f5ld \u00f5hukese musliinkangaga, et kaitsta taimi ereda p\u00e4ikesevalguse eest. Nii varjus kasvanud tubakataimede lehed on v\u00f5rreldes p\u00e4ikese k\u00e4es kasvanud lehtedega tagasihoidlikemate maitseomadustega, kuid suuremad ja \u00f5hemad, mist\u00f5ttu kasutatakse neid sigarile visuaalselt hea v\u00e4limuse andmiseks k\u00f5ige v\u00e4limise ehk kattelehena.<br>P\u00e4ikesevalguse k\u00e4es kasvanud tubakataime lehed on robustsema v\u00e4limusega, kuid rikkalike maitsen\u00fcanssidega. Nendest lehtedest kombineeritakse nn sigari sisu. Kombineeritakse seet\u00f5ttu, et ka \u00fchelt taimelt korjatud lehed on maitseomadustelt ja nikotiinisisalduselt erinevad.<br>P\u00e4ikesevalguse k\u00e4es kasvanud taimedel eristatakse kolme t\u00fc\u00fcpi lehti:<\/p>\n\n\n\n<ul>\n<li>ligero \u2013 tubakataime ladvas kasvanud, k\u00f5ige enam p\u00e4ikesevalgust saanud ja seet\u00f5ttu suurema nikotiinisisalduse ja tugevamate maitseomadustega leht, mis annab sigarile kanguse;<\/li>\n\n\n\n<li>seco \u2013 leht taime keskmiselt k\u00f5rguselt, millel v\u00f5rreldes ligero lehega nikotiini sisaldus v\u00e4iksem ja maitse pehmem; annab sigarile mahedama aroomi ja maitseomadused.<\/li>\n\n\n\n<li>volado \u2013 leht taime k\u00f5ige alumisest osast, k\u00f5ige enam varjus kasvanud ja seet\u00f5ttu k\u00f5ige v\u00e4iksema nikotiinisisaldusega. Kasutatakse sigari rullimisel seoslehtedena, mis lisavad n\u00fcansse ka sigari maitsele.<\/li>\n<\/ul>\n\n\n\n<p>Valmis sigari kangus ja maitse s\u00f5ltuvadki sellest, millises vahekorras on kasutatud ligero, seco ja volado lehti. Kui sigari sisus rohkem ligero t\u00fc\u00fcpi lehti siis on sigar t\u00e4idlasema maitsega ja kangem. Mahedama maitse ja lahjemate sigarite sisus kasutatakse enam seco t\u00fc\u00fcpi lehti.<br>Saak koristatakse k\u00e4sitsi ja lehthaaval \u2013 vaid kahe, kolme lehe kaupa korraga \u00fchelt taimelt.<br>Koristatud tubakalehtedel lastakse k\u00f5igepealt \u00f5hu k\u00e4es kuivada, nii v\u00e4heneb lehtedes oleva vee hulk, laguneb klorof\u00fcll ja v\u00e4rvus muutub j\u00e4rk-j\u00e4rgult kuldpruuniks.<\/p>\n\n\n\n<h2 class=\"wp-block-heading\">Sigarite valmistamine<\/h2>\n\n\n\n<p>K\u00e4sitsi valmistatud sigar koosneb kolmest osast:<\/p>\n\n\n\n<ul>\n<li>kattelehest (wrapper), mis on sigarit \u00fcmbritsev, k\u00f5ige v\u00e4limine tubaka leht. Kasvatatud varjus, v\u00e4ga kvaliteetne, kuid eriliste maitseomadusteta.<\/li>\n\n\n\n<li>seoslehtedest (binder), millega seotakse kokku sigari sisu. Tavaliselt on neid kaks, lisavad sigarile ka maitsen\u00fcannsse.<\/li>\n\n\n\n<li>sisust (filler), mis on erinevate sigarite puhul erinev kombinatsioon kolmest tubakataime lehe t\u00fc\u00fcbist: ligero, seco ja volado.<\/li>\n<\/ul>\n\n\n\n<p>Enne sigarite rullimist kattelehed niisutatakse ning sorteeritakse kvaliteedi ja v\u00e4rvuse j\u00e4rgi. Sisu jaoks kombineeritakse omavahel erinevate maitseomadustega tubakalehed.<br>Sel viisil ette valmistatud tubakalehed j\u00f5uavad rullija ehk Torcedor\u2019i lauale. K\u00f5igepealt kortsutatakse kokku sigari sisuks m\u00f5eldud lehed (filler), et tekiksid kanalid suitsu liikumiseks. Seej\u00e4rel rullitakse sigari sisu \u00fcmber seoslehed (binder), l\u00f5igatakse \u00fchtlaseks \u00fcks otstsest ja asetatakse juba sigarikujuline tubakasegu umbes pooleks tunniks puidust vormi. Viimasena rullitakse sigari \u00fcmber katteleht (wrapper) ja l\u00f5puks kaetakse \u00fcks sigari otstest taimeliimi abil kattelehest l\u00f5gatud \u00fcmmarguse t\u00fckiga, nn m\u00fctsiga.<br>Rullija juurest viiakse sigarid kvaliteedikontrolli, mille k\u00e4igus j\u00e4lgitakse nii suurust, maitset kui v\u00e4limust. Kontrolli l\u00e4binud sigaritele kleebitakse enne karpidesse pakendamist veel ka vastava br\u00e4ndi paberist tunnus ehk \u201cband\u201d.<br>J\u00e4rgneb fermenteerimise protsess. Selleks j\u00e4etakse tubakalehed seisma kangaga kaetud kuhjadesse, kus r\u00f5hu ja lehtedes oleva niiskuse koostoimel t\u00f5useb temperatuur. Tulemusena v\u00e4heneb nikotiini, t\u00f5rva ja hapete hulk lehtedes. Tubakalehe maitseomadused muutuvad mahedamaks ja \u00fchtlustub lehtede v\u00e4rvus.<br>Seej\u00e4rel sorteeritakse tubakalehed vastavalt suurusele, kvaliteedile ja maitseomadustele.<br>Lehed, mis m\u00f5eldud sigari sisuks, l\u00e4bivad fermenteerimise protsessi ka teistkordselt. P\u00e4rast mida saadetakse tubakalehed edasi lattu, kus need j\u00e4etakse kangasse pakitult seisma. J\u00e4llegi sarnaselt veinile \u2013 mida kauem tubakalehed k\u00fcpsevad, seda kvaliteetsem saab olema nendest valmistatav sigar. Sigarite rullimiseks on tubakalehed valmis mitte varem kui 9 kuu m\u00f6\u00f6dudes.<\/p>\n\n\n\n<h2 class=\"wp-block-heading\">Suurus ja maitse<\/h2>\n\n\n\n<p>Sigareid valmistatakse nii erinevate suuruste kui ereninevate maitsetega. Need kaks omadust on omavahel tihedalt seotud: suurus m\u00e4\u00e4rab \u00e4ra suitsetamisele kuluva aja (mida pikem sigar seda enam kulub aega) ja ka suitsetamisest saadava elamuse n\u00fcansirikkuse. Maitse omakorda s\u00f5ltub suurusest \u2013 mida suurema l\u00e4bim\u00f5\u00f5duga sigar seda enam sisaldab see erinevate maitseomadustega tubakalehti.<br>Igal sigaribr\u00e4ndil on oma iseloomulik maitsestiil, mis aga varieerub s\u00f5ltuvalt konkreetse sigari suurusest ehk \u201evitola\u201d-st. Mida suurema l\u00e4bim\u00f5\u00f5duga on sigar seda rikkalikum ja aeglasema p\u00f5lemisprotsessi t\u00f5ttu ka pehmem on maitse. Peenemad sigarid p\u00f5levad kiiremini, k\u00f5rgemal temperatuuril, mist\u00f5ttu nende maitse on kontsentreeritum ja nad j\u00e4tavad keelele kergelt kirbe maitse.<\/p>\n\n\n\n<h2 class=\"wp-block-heading\">S\u00e4ilitamine<\/h2>\n\n\n\n<p>Sigarid on looduslikud tooted ja nende eest tuleb ka vastavalt hoolitseda. Kui sigaritega \u00f5igesti \u00fcmber k\u00e4ia k\u00fcpsevad nad elegantselt nagu hea vein; kui seda ei tehta, lagunevad nad koost.<br>Parima suitsetamiselamuse tagamiseks, tuleks sigarit s\u00e4ilitada keskkonnas, kus temperatuur j\u00e4\u00e4b vahemikku 16 \u2013 18\u00baC ja suhteline \u00f5huniiskus on 65 \u2013 70%. Selleks on parim spetsiaalselt sigarite s\u00e4ilitamiseks valmistatud kvaliteetne humidor.<br>Sigar on heas seisukorras kui tal on j\u00e4rgmised kolm omadust:<\/p>\n\n\n\n<ul>\n<li>L\u00f5hn \u2014 hingates sisse nina juurde t\u00f5stetud sigari l\u00f5hna, peab olema tunda meeldivat tubakaaroomi.<\/li>\n\n\n\n<li>V\u00e4limus \u2014 sigari katteleht peab olema terve, vigastusteta.<\/li>\n\n\n\n<li>Tunnetus \u2014 p\u00f6idla ja nimetiss\u00f5rme vahel \u00f5rnalt pigistades peab sigar tunduma pehme.<\/li>\n<\/ul>\n\n\n\n<h2 class=\"wp-block-heading\">Masinal valmistatud sigarid ja sigarillod<\/h2>\n\n\n\n<p>Kuigi masinal valmistatud sigarid ei ole nii hoolikalt meisterdatud, kui k\u00e4sit\u00f6\u00f6na valminud sigarid, on ka need sobiv valik, tegemaks tutvust kuulsa Kuuba tubakaga. Et masinal valmistatud sigarite sisuna kasutatakse l\u00fchemaks l\u00f5igatud tubakalehti, on neil parem s\u00fcttivus, mist\u00f5ttu eelistatakse neid sageli n\u00e4iteks v\u00e4rskes \u00f5hus toimuvate \u00fcrituste puhul.<br>Sigarillosid valmistatakse samal moel kui masinal valmistatud sigareid, kuid sigarillode puhul on t\u00e4idisena kasutatavad tubakalehed peeneks hakitud. Kuuba tubakale iseloomulikud maitseomadused on ka sigarillodel, kuid v\u00e4iksema suuruse t\u00f5ttu ei ole nad maitse n\u00fcansirikkuse osas sigaritega v\u00f5rreldavad. Sigarillod kuuluvad \u00fcldiselt \u00fcleminekumaailma, mis h\u00f5lmab endiseid sigaretisuitsetajaid ja tulevasi sigarisuitsetajaid.<\/p>\n\n\n\n<h2 class=\"wp-block-heading\">Sigarikultuurist<\/h2>\n\n\n\n<p>Kuigi sigarisuitsetamisel on eelk\u00f5ige olulised vaid suitsetaja enda maitse-eelistused, on siiski m\u00f5ned soovitused, mida veelgi t\u00e4iuslikuma elamuse saamiseks kasulik teada.<\/p>\n\n\n\n<h2 class=\"wp-block-heading\">Suurused<\/h2>\n\n\n\n<p>Almuerzos \u2013 130 x 15.87 mm Ring 40<br>Cadete \u2013 115 x 14.3 mm Ring 36<br>Cervantes \u2013 165 x 16.67 mm Ring 42<br>Cristales \u2013 150 x 16.2 mm Ring 41<br>Culebra \u2013 146 x 15.48 mm Ring 39<br>Dalias Cortas \u2013 135 x 17.0 mm Ring 43<br>Del Valle \u2013 124 x 19.84 mm Ring 50<br>Duke \u2013 140 x 21.43 mm Ring 54<br>Estupendos \u2013 140 x 20.64 mm Ring 52<br>Generoso \u2013 132 x 16.67 mm Ring 42<br>Gordito \u2013 141 x 19.84 mm Ring 50<br>Gran Corona \u2013 235 x 18.65 mm Ring 47<br>Hermosos No. 4 \u2013 127 x 19.05 mm Ring 48<br>Laguito No. 4 \u2013 119 x 20.6 mm Ring 52<br>Laguito No. 5 \u2013 144 x 21.43 mm Ring 54<br>Laguito No. 6 \u2013 166 x 22.23 mm Ring 56<br>Magicos \u2013 115 x 20.64 mm Ring 52<br>Magnum 48 \u2013 110 x 19.05 mm Ring 48<br>Marevas \u2013 129 x 16.67 mm Ring 42<br>Montesco \u2013 130 x 21.83 mm Ring 55<br>Petit Belicoso \u2013 125 x 20.64 mm Ring 52<br>Petit Edmundo \u2013 110 x 20.6 mm Ring 52<br>Petit Piramides \u2013 127 x 19.84 mm Ring 50<br>Prominentes \u2013 194 x 19.45 mm Ring 49<br>Short de Valle \u2013 102 x 19.84 mm Ring 50<\/p>\n","protected":false},"excerpt":{"rendered":"<p>Ajalugu Kui Columbus 1492. aastal Kuuba rannikule j\u00f5udis, leidis tema meeskond eest kokkurullitud taimelehti suitsetavad indiaanlased. Kohalikud ise nimetasid neid lehti s\u00f5naga \u201ccoiba\u201d. Columbuse alluvuses seilanud Rodrigo de Jerez v\u00f5ttis selle kombe kaasa ka Hispaaniasse, kuid m\u00f5isteti kodumaal suitsetamise eest seitsmeks aastaks vangi. Ajaks, mil ta viimaks vabanes, oli tubaka tarbimine levinud juba pea k\u00f5ikjale [&hellip;]<\/p>\n","protected":false},"author":1,"featured_media":0,"parent":0,"menu_order":0,"comment_status":"closed","ping_status":"closed","template":"","meta":{"footnotes":""},"yoast_head":"<!-- This site is optimized with the Yoast SEO plugin v22.5 - https:\/\/yoast.com\/wordpress\/plugins\/seo\/ -->\n<title>Sigaritest | new.theoaklounge.com<\/title>\n<meta name=\"robots\" content=\"index, follow, max-snippet:-1, max-image-preview:large, max-video-preview:-1\" \/>\n<link rel=\"canonical\" href=\"https:\/\/new.theoaklounge.com\/et\/sigaritest\/\" \/>\n<meta property=\"og:locale\" content=\"et_EE\" \/>\n<meta property=\"og:type\" content=\"article\" \/>\n<meta property=\"og:title\" content=\"Sigaritest | new.theoaklounge.com\" \/>\n<meta property=\"og:description\" content=\"Ajalugu Kui Columbus 1492. aastal Kuuba rannikule j\u00f5udis, leidis tema meeskond eest kokkurullitud taimelehti suitsetavad indiaanlased. Kohalikud ise nimetasid neid lehti s\u00f5naga \u201ccoiba\u201d. Columbuse alluvuses seilanud Rodrigo de Jerez v\u00f5ttis selle kombe kaasa ka Hispaaniasse, kuid m\u00f5isteti kodumaal suitsetamise eest seitsmeks aastaks vangi. Ajaks, mil ta viimaks vabanes, oli tubaka tarbimine levinud juba pea k\u00f5ikjale [&hellip;]\" \/>\n<meta property=\"og:url\" content=\"https:\/\/new.theoaklounge.com\/et\/sigaritest\/\" \/>\n<meta property=\"og:site_name\" content=\"new.theoaklounge.com\" \/>\n<meta property=\"article:publisher\" content=\"https:\/\/www.facebook.com\/probiootiline\" \/>\n<meta property=\"article:modified_time\" content=\"2024-08-07T13:54:58+00:00\" \/>\n<meta name=\"twitter:card\" content=\"summary_large_image\" \/>\n<meta name=\"twitter:label1\" content=\"Est. reading time\" \/>\n\t<meta name=\"twitter:data1\" content=\"6 minutit\" \/>\n<script type=\"application\/ld+json\" class=\"yoast-schema-graph\">{\"@context\":\"https:\/\/schema.org\",\"@graph\":[{\"@type\":\"WebPage\",\"@id\":\"https:\/\/new.theoaklounge.com\/et\/sigaritest\/\",\"url\":\"https:\/\/new.theoaklounge.com\/et\/sigaritest\/\",\"name\":\"Sigaritest | new.theoaklounge.com\",\"isPartOf\":{\"@id\":\"https:\/\/new.theoaklounge.com\/et\/#website\"},\"datePublished\":\"2024-08-07T13:54:57+00:00\",\"dateModified\":\"2024-08-07T13:54:58+00:00\",\"breadcrumb\":{\"@id\":\"https:\/\/new.theoaklounge.com\/et\/sigaritest\/#breadcrumb\"},\"inLanguage\":\"et\",\"potentialAction\":[{\"@type\":\"ReadAction\",\"target\":[\"https:\/\/new.theoaklounge.com\/et\/sigaritest\/\"]}]},{\"@type\":\"BreadcrumbList\",\"@id\":\"https:\/\/new.theoaklounge.com\/et\/sigaritest\/#breadcrumb\",\"itemListElement\":[{\"@type\":\"ListItem\",\"position\":1,\"name\":\"Esileht\",\"item\":\"https:\/\/new.theoaklounge.com\/et\/\"},{\"@type\":\"ListItem\",\"position\":2,\"name\":\"Sigaritest\"}]},{\"@type\":\"WebSite\",\"@id\":\"https:\/\/new.theoaklounge.com\/et\/#website\",\"url\":\"https:\/\/new.theoaklounge.com\/et\/\",\"name\":\"new.theoaklounge.com\",\"description\":\"Probiootilised h\u00fcgieeni-, koristus ja ilutooted\",\"publisher\":{\"@id\":\"https:\/\/new.theoaklounge.com\/et\/#organization\"},\"alternateName\":\"Pro&Bio\",\"potentialAction\":[{\"@type\":\"SearchAction\",\"target\":{\"@type\":\"EntryPoint\",\"urlTemplate\":\"https:\/\/new.theoaklounge.com\/et\/?s={search_term_string}\"},\"query-input\":\"required name=search_term_string\"}],\"inLanguage\":\"et\"},{\"@type\":\"Organization\",\"@id\":\"https:\/\/new.theoaklounge.com\/et\/#organization\",\"name\":\"Probio Group O\u00dc\",\"alternateName\":\"Pro&Bio\",\"url\":\"https:\/\/new.theoaklounge.com\/et\/\",\"logo\":{\"@type\":\"ImageObject\",\"inLanguage\":\"et\",\"@id\":\"https:\/\/new.theoaklounge.com\/et\/#\/schema\/logo\/image\/\",\"url\":\"https:\/\/new.theoaklounge.com\/wp-content\/uploads\/2024\/01\/Naomi-Goodwin-2-transparent.webp\",\"contentUrl\":\"https:\/\/new.theoaklounge.com\/wp-content\/uploads\/2024\/01\/Naomi-Goodwin-2-transparent.webp\",\"width\":1986,\"height\":1966,\"caption\":\"Probio Group O\u00dc\"},\"image\":{\"@id\":\"https:\/\/new.theoaklounge.com\/et\/#\/schema\/logo\/image\/\"},\"sameAs\":[\"https:\/\/www.facebook.com\/probiootiline\",\"https:\/\/www.instagram.com\/probiootiline\/\"]}]}<\/script>\n<!-- \/ Yoast SEO plugin. -->","yoast_head_json":{"title":"Sigaritest | new.theoaklounge.com","robots":{"index":"index","follow":"follow","max-snippet":"max-snippet:-1","max-image-preview":"max-image-preview:large","max-video-preview":"max-video-preview:-1"},"canonical":"https:\/\/new.theoaklounge.com\/et\/sigaritest\/","og_locale":"et_EE","og_type":"article","og_title":"Sigaritest | new.theoaklounge.com","og_description":"Ajalugu Kui Columbus 1492. aastal Kuuba rannikule j\u00f5udis, leidis tema meeskond eest kokkurullitud taimelehti suitsetavad indiaanlased. Kohalikud ise nimetasid neid lehti s\u00f5naga \u201ccoiba\u201d. Columbuse alluvuses seilanud Rodrigo de Jerez v\u00f5ttis selle kombe kaasa ka Hispaaniasse, kuid m\u00f5isteti kodumaal suitsetamise eest seitsmeks aastaks vangi. Ajaks, mil ta viimaks vabanes, oli tubaka tarbimine levinud juba pea k\u00f5ikjale [&hellip;]","og_url":"https:\/\/new.theoaklounge.com\/et\/sigaritest\/","og_site_name":"new.theoaklounge.com","article_publisher":"https:\/\/www.facebook.com\/probiootiline","article_modified_time":"2024-08-07T13:54:58+00:00","twitter_card":"summary_large_image","twitter_misc":{"Est. reading time":"6 minutit"},"schema":{"@context":"https:\/\/schema.org","@graph":[{"@type":"WebPage","@id":"https:\/\/new.theoaklounge.com\/et\/sigaritest\/","url":"https:\/\/new.theoaklounge.com\/et\/sigaritest\/","name":"Sigaritest | new.theoaklounge.com","isPartOf":{"@id":"https:\/\/new.theoaklounge.com\/et\/#website"},"datePublished":"2024-08-07T13:54:57+00:00","dateModified":"2024-08-07T13:54:58+00:00","breadcrumb":{"@id":"https:\/\/new.theoaklounge.com\/et\/sigaritest\/#breadcrumb"},"inLanguage":"et","potentialAction":[{"@type":"ReadAction","target":["https:\/\/new.theoaklounge.com\/et\/sigaritest\/"]}]},{"@type":"BreadcrumbList","@id":"https:\/\/new.theoaklounge.com\/et\/sigaritest\/#breadcrumb","itemListElement":[{"@type":"ListItem","position":1,"name":"Esileht","item":"https:\/\/new.theoaklounge.com\/et\/"},{"@type":"ListItem","position":2,"name":"Sigaritest"}]},{"@type":"WebSite","@id":"https:\/\/new.theoaklounge.com\/et\/#website","url":"https:\/\/new.theoaklounge.com\/et\/","name":"new.theoaklounge.com","description":"Probiootilised h\u00fcgieeni-, koristus ja ilutooted","publisher":{"@id":"https:\/\/new.theoaklounge.com\/et\/#organization"},"alternateName":"Pro&Bio","potentialAction":[{"@type":"SearchAction","target":{"@type":"EntryPoint","urlTemplate":"https:\/\/new.theoaklounge.com\/et\/?s={search_term_string}"},"query-input":"required name=search_term_string"}],"inLanguage":"et"},{"@type":"Organization","@id":"https:\/\/new.theoaklounge.com\/et\/#organization","name":"Probio Group O\u00dc","alternateName":"Pro&Bio","url":"https:\/\/new.theoaklounge.com\/et\/","logo":{"@type":"ImageObject","inLanguage":"et","@id":"https:\/\/new.theoaklounge.com\/et\/#\/schema\/logo\/image\/","url":"https:\/\/new.theoaklounge.com\/wp-content\/uploads\/2024\/01\/Naomi-Goodwin-2-transparent.webp","contentUrl":"https:\/\/new.theoaklounge.com\/wp-content\/uploads\/2024\/01\/Naomi-Goodwin-2-transparent.webp","width":1986,"height":1966,"caption":"Probio Group O\u00dc"},"image":{"@id":"https:\/\/new.theoaklounge.com\/et\/#\/schema\/logo\/image\/"},"sameAs":["https:\/\/www.facebook.com\/probiootiline","https:\/\/www.instagram.com\/probiootiline\/"]}]}},"_links":{"self":[{"href":"https:\/\/new.theoaklounge.com\/et\/wp-json\/wp\/v2\/pages\/141075"}],"collection":[{"href":"https:\/\/new.theoaklounge.com\/et\/wp-json\/wp\/v2\/pages"}],"about":[{"href":"https:\/\/new.theoaklounge.com\/et\/wp-json\/wp\/v2\/types\/page"}],"author":[{"embeddable":true,"href":"https:\/\/new.theoaklounge.com\/et\/wp-json\/wp\/v2\/users\/1"}],"replies":[{"embeddable":true,"href":"https:\/\/new.theoaklounge.com\/et\/wp-json\/wp\/v2\/comments?post=141075"}],"version-history":[{"count":1,"href":"https:\/\/new.theoaklounge.com\/et\/wp-json\/wp\/v2\/pages\/141075\/revisions"}],"predecessor-version":[{"id":141076,"href":"https:\/\/new.theoaklounge.com\/et\/wp-json\/wp\/v2\/pages\/141075\/revisions\/141076"}],"wp:attachment":[{"href":"https:\/\/new.theoaklounge.com\/et\/wp-json\/wp\/v2\/media?parent=141075"}],"curies":[{"name":"wp","href":"https:\/\/api.w.org\/{rel}","templated":true}]}}