{"id":136097,"date":"2023-12-21T12:43:02","date_gmt":"2023-12-21T10:43:02","guid":{"rendered":"https:\/\/new.theoaklounge.com\/?page_id=136097"},"modified":"2024-08-07T17:01:41","modified_gmt":"2024-08-07T14:01:41","slug":"kontaktid","status":"publish","type":"page","link":"https:\/\/new.theoaklounge.com\/et\/kontaktid\/","title":{"rendered":"Kontaktid"},"content":{"rendered":"\t\t<div data-elementor-type=\"wp-page\" data-elementor-id=\"136097\" class=\"elementor elementor-136097\" data-elementor-post-type=\"page\">\n\t\t\t\t\t\t<section class=\"elementor-section elementor-top-section elementor-element elementor-element-18ad990d elementor-reverse-mobile elementor-section-boxed elementor-section-height-default elementor-section-height-default\" data-id=\"18ad990d\" data-element_type=\"section\">\n\t\t\t\t\t\t<div class=\"elementor-container elementor-column-gap-default\">\n\t\t\t\t\t<div class=\"elementor-column elementor-col-33 elementor-top-column elementor-element elementor-element-51ab4b84\" data-id=\"51ab4b84\" data-element_type=\"column\">\n\t\t\t<div class=\"elementor-widget-wrap elementor-element-populated\">\n\t\t\t\t\t\t<div class=\"elementor-element elementor-element-1389ee5e elementor-widget elementor-widget-google_maps\" data-id=\"1389ee5e\" data-element_type=\"widget\" data-widget_type=\"google_maps.default\">\n\t\t\t\t<div class=\"elementor-widget-container\">\n\t\t\t<style>\/*! elementor - v3.21.0 - 15-04-2024 *\/\n.elementor-widget-google_maps .elementor-widget-container{overflow:hidden}.elementor-widget-google_maps .elementor-custom-embed{line-height:0}.elementor-widget-google_maps iframe{height:300px}<\/style>\t\t<div class=\"elementor-custom-embed\">\n\t\t\t<iframe loading=\"lazy\"\n\t\t\t\t\tsrc=\"https:\/\/maps.google.com\/maps?q=Kollane%204%2F6-M1&#038;t=m&#038;z=13&#038;output=embed&#038;iwloc=near\"\n\t\t\t\t\ttitle=\"Kollane 4\/6-M1\"\n\t\t\t\t\taria-label=\"Kollane 4\/6-M1\"\n\t\t\t><\/iframe>\n\t\t<\/div>\n\t\t\t\t<\/div>\n\t\t\t\t<\/div>\n\t\t\t\t\t<\/div>\n\t\t<\/div>\n\t\t\t\t<div class=\"elementor-column elementor-col-66 elementor-top-column elementor-element elementor-element-38a18ff6\" data-id=\"38a18ff6\" data-element_type=\"column\">\n\t\t\t<div class=\"elementor-widget-wrap elementor-element-populated\">\n\t\t\t\t\t\t<section class=\"elementor-section elementor-inner-section elementor-element elementor-element-2b0942d1 elementor-section-boxed elementor-section-height-default elementor-section-height-default\" data-id=\"2b0942d1\" data-element_type=\"section\">\n\t\t\t\t\t\t<div class=\"elementor-container elementor-column-gap-default\">\n\t\t\t\t\t<div class=\"elementor-column elementor-col-50 elementor-inner-column elementor-element elementor-element-49e7a024\" data-id=\"49e7a024\" data-element_type=\"column\">\n\t\t\t<div class=\"elementor-widget-wrap elementor-element-populated\">\n\t\t\t\t\t\t<div class=\"elementor-element elementor-element-4a3eeb33 elementor-widget elementor-widget-heading\" data-id=\"4a3eeb33\" data-element_type=\"widget\" data-widget_type=\"heading.default\">\n\t\t\t\t<div class=\"elementor-widget-container\">\n\t\t\t<style>\/*! elementor - v3.21.0 - 15-04-2024 *\/\n.elementor-heading-title{padding:0;margin:0;line-height:1}.elementor-widget-heading .elementor-heading-title[class*=elementor-size-]>a{color:inherit;font-size:inherit;line-height:inherit}.elementor-widget-heading .elementor-heading-title.elementor-size-small{font-size:15px}.elementor-widget-heading .elementor-heading-title.elementor-size-medium{font-size:19px}.elementor-widget-heading .elementor-heading-title.elementor-size-large{font-size:29px}.elementor-widget-heading .elementor-heading-title.elementor-size-xl{font-size:39px}.elementor-widget-heading .elementor-heading-title.elementor-size-xxl{font-size:59px}<\/style><h3 class=\"elementor-heading-title elementor-size-default\">Rasa Trading Company AS<\/h3>\t\t<\/div>\n\t\t\t\t<\/div>\n\t\t\t\t<div class=\"elementor-element elementor-element-baa36b elementor-widget__width-initial elementor-widget elementor-widget-text-editor\" data-id=\"baa36b\" data-element_type=\"widget\" data-widget_type=\"text-editor.default\">\n\t\t\t\t<div class=\"elementor-widget-container\">\n\t\t\t<style>\/*! elementor - v3.21.0 - 15-04-2024 *\/\n.elementor-widget-text-editor.elementor-drop-cap-view-stacked .elementor-drop-cap{background-color:#69727d;color:#fff}.elementor-widget-text-editor.elementor-drop-cap-view-framed .elementor-drop-cap{color:#69727d;border:3px solid;background-color:transparent}.elementor-widget-text-editor:not(.elementor-drop-cap-view-default) .elementor-drop-cap{margin-top:8px}.elementor-widget-text-editor:not(.elementor-drop-cap-view-default) .elementor-drop-cap-letter{width:1em;height:1em}.elementor-widget-text-editor .elementor-drop-cap{float:left;text-align:center;line-height:1;font-size:50px}.elementor-widget-text-editor .elementor-drop-cap-letter{display:inline-block}<\/style>\t\t\t\t<div class=\"elementor-element elementor-element-4a3eeb33 elementor-widget elementor-widget-heading\" style=\"flex-basis: var(--flex-basis); flex-grow: var(--flex-grow); flex-shrink: var(--flex-shrink); order: var(--order); align-self: var(--align-self); flex-direction: var(--flex-direction); flex-wrap: var(--flex-wrap); justify-content: var(--justify-content); align-items: var(--align-items); align-content: var(--align-content); gap: var(--gap); --swiper-theme-color: #000; --swiper-navigation-size: 44px; --swiper-pagination-bullet-size: 6px; --swiper-pagination-bullet-horizontal-gap: 6px; --widgets-spacing: 20px 20px; width: 315.516px;\" data-id=\"4a3eeb33\" data-element_type=\"widget\" data-widget_type=\"heading.default\"><div class=\"elementor-widget-container\" style=\"transition: background .3s,border .3s,border-radius .3s,box-shadow .3s,transform var(--e-transform-transition-duration,.4s);\"><h3 class=\"elementor-heading-title elementor-size-default\"><span style=\"font-size: 14.5px;\">Kollane 4\/6-M1, 10147 Tallinn, Estonia<\/span><\/h3><\/div><\/div><div class=\"elementor-element elementor-element-baa36b elementor-widget__width-initial elementor-widget elementor-widget-text-editor\" style=\"flex-basis: var(--flex-basis); flex-grow: var(--flex-grow); flex-shrink: var(--flex-shrink); order: var(--order); align-self: var(--align-self); flex-direction: var(--flex-direction); flex-wrap: var(--flex-wrap); justify-content: var(--justify-content); align-items: var(--align-items); align-content: var(--align-content); gap: var(--gap); --swiper-theme-color: #000; --swiper-navigation-size: 44px; --swiper-pagination-bullet-size: 6px; --swiper-pagination-bullet-horizontal-gap: 6px; --widgets-spacing: 20px 20px; width: var( --container-widget-width, 100.226% ); --container-widget-width: 100.226%; --container-widget-flex-grow: 0;\" data-id=\"baa36b\" data-element_type=\"widget\" data-widget_type=\"text-editor.default\"><div class=\"elementor-widget-container\" style=\"transition: background .3s,border .3s,border-radius .3s,box-shadow .3s,transform var(--e-transform-transition-duration,.4s);\"><p><strong>Reg:<\/strong>\u00a016702253 |\u00a0<strong>VAT:<\/strong>\u00a0EE100579444<\/p><\/div><\/div>\t\t\t\t\t\t<\/div>\n\t\t\t\t<\/div>\n\t\t\t\t\t<\/div>\n\t\t<\/div>\n\t\t\t\t<div class=\"elementor-column elementor-col-50 elementor-inner-column elementor-element elementor-element-777da996\" data-id=\"777da996\" data-element_type=\"column\">\n\t\t\t<div class=\"elementor-widget-wrap elementor-element-populated\">\n\t\t\t\t\t\t<div class=\"elementor-element elementor-element-5c1a013d elementor-widget elementor-widget-heading\" data-id=\"5c1a013d\" data-element_type=\"widget\" data-widget_type=\"heading.default\">\n\t\t\t\t<div class=\"elementor-widget-container\">\n\t\t\t<h3 class=\"elementor-heading-title elementor-size-default\">Klienditeenindus\n<\/h3>\t\t<\/div>\n\t\t\t\t<\/div>\n\t\t\t\t<div class=\"elementor-element elementor-element-4a3c3d6c elementor-widget elementor-widget-text-editor\" data-id=\"4a3c3d6c\" data-element_type=\"widget\" data-widget_type=\"text-editor.default\">\n\t\t\t\t<div class=\"elementor-widget-container\">\n\t\t\t\t\t\t\t<p><strong>Telefon<\/strong>: +372 644 5647<br \/><b>E-R<\/b>\u00a010:00 \u2013 17:00,\u00a0<b>L-P<\/b>\u00a0Kokkuleppel<\/p>\t\t\t\t\t\t<\/div>\n\t\t\t\t<\/div>\n\t\t\t\t\t<\/div>\n\t\t<\/div>\n\t\t\t\t\t<\/div>\n\t\t<\/section>\n\t\t\t\t<section class=\"elementor-section elementor-inner-section elementor-element elementor-element-53aca0d7 elementor-section-boxed elementor-section-height-default elementor-section-height-default\" data-id=\"53aca0d7\" data-element_type=\"section\">\n\t\t\t\t\t\t<div class=\"elementor-container elementor-column-gap-default\">\n\t\t\t\t\t<div class=\"elementor-column elementor-col-50 elementor-inner-column elementor-element elementor-element-7cfc4f66\" data-id=\"7cfc4f66\" data-element_type=\"column\">\n\t\t\t<div class=\"elementor-widget-wrap elementor-element-populated\">\n\t\t\t\t\t\t<div class=\"elementor-element elementor-element-1e5f57f1 elementor-widget elementor-widget-heading\" data-id=\"1e5f57f1\" data-element_type=\"widget\" data-widget_type=\"heading.default\">\n\t\t\t\t<div class=\"elementor-widget-container\">\n\t\t\t<h3 class=\"elementor-heading-title elementor-size-default\">Emailid\n<\/h3>\t\t<\/div>\n\t\t\t\t<\/div>\n\t\t\t\t<div class=\"elementor-element elementor-element-205403b5 elementor-widget elementor-widget-text-editor\" data-id=\"205403b5\" data-element_type=\"widget\" data-widget_type=\"text-editor.default\">\n\t\t\t\t<div class=\"elementor-widget-container\">\n\t\t\t\t\t\t\t<p>info@theoaklounge.com<\/p>\t\t\t\t\t\t<\/div>\n\t\t\t\t<\/div>\n\t\t\t\t\t<\/div>\n\t\t<\/div>\n\t\t\t\t<div class=\"elementor-column elementor-col-50 elementor-inner-column elementor-element elementor-element-690e4dad elementor-hidden-desktop elementor-hidden-tablet elementor-hidden-mobile\" data-id=\"690e4dad\" data-element_type=\"column\">\n\t\t\t<div class=\"elementor-widget-wrap elementor-element-populated\">\n\t\t\t\t\t\t<div class=\"elementor-element elementor-element-324c70d9 elementor-widget elementor-widget-heading\" data-id=\"324c70d9\" data-element_type=\"widget\" data-widget_type=\"heading.default\">\n\t\t\t\t<div class=\"elementor-widget-container\">\n\t\t\t<h3 class=\"elementor-heading-title elementor-size-default\">Sotsiaalmeedia<\/h3>\t\t<\/div>\n\t\t\t\t<\/div>\n\t\t\t\t<div class=\"elementor-element elementor-element-341a5fdc elementor-widget elementor-widget-nasa-follow\" data-id=\"341a5fdc\" data-element_type=\"widget\" data-widget_type=\"nasa-follow.default\">\n\t\t\t\t<div class=\"elementor-widget-container\">\n\t\t\t<div class=\"ns-social social-icons nasa-follow\"><div class=\"follow-icon nasa-iflex flex-wrap\"><a href=\"https:\/\/www.facebook.com\/probiootiline\" target=\"_blank\" class=\"icon icon_facebook nasa-tip\" title=\"Follow us on Facebook\" rel=\"nofollow\"><svg viewBox=\"0 0 32 32\" with=\"16\" height=\"16\" fill=\"currentColor\"><path d=\"M 19.253906 2 C 15.311906 2 13 4.0821719 13 8.8261719 L 13 13 L 8 13 L 8 18 L 13 18 L 13 30 L 18 30 L 18 18 L 22 18 L 23 13 L 18 13 L 18 9.671875 C 18 7.884875 18.582766 7 20.259766 7 L 23 7 L 23 2.2050781 C 22.526 2.1410781 21.144906 2 19.253906 2 z\"\/><\/svg><\/a><a href=\"https:\/\/shop.theoaklounge.com\/viskist\/#\" target=\"_blank\" class=\"icon icon_instagram nasa-tip\" title=\"Follow us on Instagram\" rel=\"nofollow\"><svg viewBox=\"0 0 48 48\" width=\"18\" height=\"18\" fill=\"currentColor\"><path d=\"M 16.5 5 C 10.16639 5 5 10.16639 5 16.5 L 5 31.5 C 5 37.832757 10.166209 43 16.5 43 L 31.5 43 C 37.832938 43 43 37.832938 43 31.5 L 43 16.5 C 43 10.166209 37.832757 5 31.5 5 L 16.5 5 z M 16.5 8 L 31.5 8 C 36.211243 8 40 11.787791 40 16.5 L 40 31.5 C 40 36.211062 36.211062 40 31.5 40 L 16.5 40 C 11.787791 40 8 36.211243 8 31.5 L 8 16.5 C 8 11.78761 11.78761 8 16.5 8 z M 34 12 C 32.895 12 32 12.895 32 14 C 32 15.105 32.895 16 34 16 C 35.105 16 36 15.105 36 14 C 36 12.895 35.105 12 34 12 z M 24 14 C 18.495178 14 14 18.495178 14 24 C 14 29.504822 18.495178 34 24 34 C 29.504822 34 34 29.504822 34 24 C 34 18.495178 29.504822 14 24 14 z M 24 17 C 27.883178 17 31 20.116822 31 24 C 31 27.883178 27.883178 31 24 31 C 20.116822 31 17 27.883178 17 24 C 17 20.116822 20.116822 17 24 17 z\"\/><\/svg><\/a><\/div><\/div>\t\t<\/div>\n\t\t\t\t<\/div>\n\t\t\t\t\t<\/div>\n\t\t<\/div>\n\t\t\t\t\t<\/div>\n\t\t<\/section>\n\t\t\t\t<section class=\"elementor-section elementor-inner-section elementor-element elementor-element-45662286 elementor-section-boxed elementor-section-height-default elementor-section-height-default\" data-id=\"45662286\" data-element_type=\"section\">\n\t\t\t\t\t\t<div class=\"elementor-container elementor-column-gap-default\">\n\t\t\t\t\t<div class=\"elementor-column elementor-col-100 elementor-inner-column elementor-element elementor-element-908f52b\" data-id=\"908f52b\" data-element_type=\"column\">\n\t\t\t<div class=\"elementor-widget-wrap elementor-element-populated\">\n\t\t\t\t\t\t<div class=\"elementor-element elementor-element-68bac028 elementor-widget elementor-widget-heading\" data-id=\"68bac028\" data-element_type=\"widget\" data-widget_type=\"heading.default\">\n\t\t\t\t<div class=\"elementor-widget-container\">\n\t\t\t<h3 class=\"elementor-heading-title elementor-size-default\">Saada meile s\u00f5num<\/h3>\t\t<\/div>\n\t\t\t\t<\/div>\n\t\t\t\t<div class=\"elementor-element elementor-element-448cc47f elementor-widget elementor-widget-text-editor\" data-id=\"448cc47f\" data-element_type=\"widget\" data-widget_type=\"text-editor.default\">\n\t\t\t\t<div class=\"elementor-widget-container\">\n\t\t\t\t\t\t\t<p>Kui teil on meie v\u00f5i meie toodete kohta mistahes k\u00fcsimusi, siis v\u00f5tke julgelt \u00fchendust.<br \/>Vastame teile esimesel v\u00f5imalusel. <strong>Ait\u00e4h!<\/strong><\/p>\t\t\t\t\t\t<\/div>\n\t\t\t\t<\/div>\n\t\t\t\t<div class=\"elementor-element elementor-element-753daa4 elementor-widget elementor-widget-shortcode\" data-id=\"753daa4\" data-element_type=\"widget\" data-widget_type=\"shortcode.default\">\n\t\t\t\t<div class=\"elementor-widget-container\">\n\t\t\t\t\t<div class=\"elementor-shortcode\">\n<div class=\"wpcf7 no-js\" id=\"wpcf7-f136103-o1\" lang=\"et\" dir=\"ltr\">\n<div class=\"screen-reader-response\"><p role=\"status\" aria-live=\"polite\" aria-atomic=\"true\"><\/p> <ul><\/ul><\/div>\n<form action=\"\/et\/wp-json\/wp\/v2\/pages\/136097#wpcf7-f136103-o1\" method=\"post\" class=\"wpcf7-form init\" aria-label=\"Contact form\" novalidate=\"novalidate\" data-status=\"init\">\n<div style=\"display: none;\">\n<input type=\"hidden\" name=\"_wpcf7\" value=\"136103\" \/>\n<input type=\"hidden\" name=\"_wpcf7_version\" value=\"5.9.3\" \/>\n<input type=\"hidden\" name=\"_wpcf7_locale\" value=\"et\" \/>\n<input type=\"hidden\" name=\"_wpcf7_unit_tag\" value=\"wpcf7-f136103-o1\" \/>\n<input type=\"hidden\" name=\"_wpcf7_container_post\" value=\"0\" \/>\n<input type=\"hidden\" name=\"_wpcf7_posted_data_hash\" value=\"\" \/>\n<\/div>\n<p><label> Sinu nimi<br \/>\n<span class=\"wpcf7-form-control-wrap\" data-name=\"your-name\"><input size=\"40\" class=\"wpcf7-form-control wpcf7-text wpcf7-validates-as-required\" autocomplete=\"name\" aria-required=\"true\" aria-invalid=\"false\" value=\"\" type=\"text\" name=\"your-name\" \/><\/span> <\/label>\n<\/p>\n<p><label> Email<br \/>\n<span class=\"wpcf7-form-control-wrap\" data-name=\"your-email\"><input size=\"40\" class=\"wpcf7-form-control wpcf7-email wpcf7-validates-as-required wpcf7-text wpcf7-validates-as-email\" autocomplete=\"email\" aria-required=\"true\" aria-invalid=\"false\" value=\"\" type=\"email\" name=\"your-email\" \/><\/span> <\/label>\n<\/p>\n<p><label> Teema<br \/>\n<span class=\"wpcf7-form-control-wrap\" data-name=\"your-subject\"><input size=\"40\" class=\"wpcf7-form-control wpcf7-text wpcf7-validates-as-required\" aria-required=\"true\" aria-invalid=\"false\" value=\"\" type=\"text\" name=\"your-subject\" \/><\/span> <\/label>\n<\/p>\n<p><label> S\u00f5num<br \/>\n<span class=\"wpcf7-form-control-wrap\" data-name=\"your-message\"><textarea cols=\"40\" rows=\"10\" class=\"wpcf7-form-control wpcf7-textarea\" aria-invalid=\"false\" name=\"your-message\"><\/textarea><\/span> <\/label>\n<\/p>\n<p><input class=\"wpcf7-form-control wpcf7-submit has-spinner\" type=\"submit\" value=\"Saada\" \/>\n<\/p><div class=\"wpcf7-response-output\" aria-hidden=\"true\"><\/div>\n<\/form>\n<\/div>\n<\/div>\n\t\t\t\t<\/div>\n\t\t\t\t<\/div>\n\t\t\t\t\t<\/div>\n\t\t<\/div>\n\t\t\t\t\t<\/div>\n\t\t<\/section>\n\t\t\t\t\t<\/div>\n\t\t<\/div>\n\t\t\t\t\t<\/div>\n\t\t<\/section>\n\t\t\t\t<\/div>\n\t\t","protected":false},"excerpt":{"rendered":"<p>Rasa Trading Company AS Kollane 4\/6-M1, 10147 Tallinn, Estonia Reg:\u00a016702253 |\u00a0VAT:\u00a0EE100579444 Klienditeenindus Telefon: +372 644 5647E-R\u00a010:00 \u2013 17:00,\u00a0L-P\u00a0Kokkuleppel Emailid info@theoaklounge.com Sotsiaalmeedia Saada meile s\u00f5num Kui teil on meie v\u00f5i meie toodete kohta mistahes k\u00fcsimusi, siis v\u00f5tke julgelt \u00fchendust.Vastame teile esimesel v\u00f5imalusel. Ait\u00e4h!<\/p>\n","protected":false},"author":1,"featured_media":0,"parent":0,"menu_order":0,"comment_status":"closed","ping_status":"closed","template":"","meta":{"footnotes":""},"yoast_head":"<!-- This site is optimized with the Yoast SEO plugin v22.5 - https:\/\/yoast.com\/wordpress\/plugins\/seo\/ -->\n<title>Kontaktid | new.theoaklounge.com<\/title>\n<meta name=\"robots\" content=\"index, follow, max-snippet:-1, max-image-preview:large, max-video-preview:-1\" \/>\n<link rel=\"canonical\" href=\"https:\/\/new.theoaklounge.com\/et\/kontaktid\/\" \/>\n<meta property=\"og:locale\" content=\"et_EE\" \/>\n<meta property=\"og:type\" content=\"article\" \/>\n<meta property=\"og:title\" content=\"Kontaktid | new.theoaklounge.com\" \/>\n<meta property=\"og:description\" content=\"Rasa Trading Company AS Kollane 4\/6-M1, 10147 Tallinn, Estonia Reg:\u00a016702253 |\u00a0VAT:\u00a0EE100579444 Klienditeenindus Telefon: +372 644 5647E-R\u00a010:00 \u2013 17:00,\u00a0L-P\u00a0Kokkuleppel Emailid info@theoaklounge.com Sotsiaalmeedia Saada meile s\u00f5num Kui teil on meie v\u00f5i meie toodete kohta mistahes k\u00fcsimusi, siis v\u00f5tke julgelt \u00fchendust.Vastame teile esimesel v\u00f5imalusel. Ait\u00e4h!\" \/>\n<meta property=\"og:url\" content=\"https:\/\/new.theoaklounge.com\/et\/kontaktid\/\" \/>\n<meta property=\"og:site_name\" content=\"new.theoaklounge.com\" \/>\n<meta property=\"article:publisher\" content=\"https:\/\/www.facebook.com\/probiootiline\" \/>\n<meta property=\"article:modified_time\" content=\"2024-08-07T14:01:41+00:00\" \/>\n<meta name=\"twitter:card\" content=\"summary_large_image\" \/>\n<meta name=\"twitter:label1\" content=\"Est. reading time\" \/>\n\t<meta name=\"twitter:data1\" content=\"1 minut\" \/>\n<script type=\"application\/ld+json\" class=\"yoast-schema-graph\">{\"@context\":\"https:\/\/schema.org\",\"@graph\":[{\"@type\":\"WebPage\",\"@id\":\"https:\/\/new.theoaklounge.com\/et\/kontaktid\/\",\"url\":\"https:\/\/new.theoaklounge.com\/et\/kontaktid\/\",\"name\":\"Kontaktid | new.theoaklounge.com\",\"isPartOf\":{\"@id\":\"https:\/\/new.theoaklounge.com\/et\/#website\"},\"datePublished\":\"2023-12-21T10:43:02+00:00\",\"dateModified\":\"2024-08-07T14:01:41+00:00\",\"breadcrumb\":{\"@id\":\"https:\/\/new.theoaklounge.com\/et\/kontaktid\/#breadcrumb\"},\"inLanguage\":\"et\",\"potentialAction\":[{\"@type\":\"ReadAction\",\"target\":[\"https:\/\/new.theoaklounge.com\/et\/kontaktid\/\"]}]},{\"@type\":\"BreadcrumbList\",\"@id\":\"https:\/\/new.theoaklounge.com\/et\/kontaktid\/#breadcrumb\",\"itemListElement\":[{\"@type\":\"ListItem\",\"position\":1,\"name\":\"Esileht\",\"item\":\"https:\/\/new.theoaklounge.com\/et\/\"},{\"@type\":\"ListItem\",\"position\":2,\"name\":\"Kontaktid\"}]},{\"@type\":\"WebSite\",\"@id\":\"https:\/\/new.theoaklounge.com\/et\/#website\",\"url\":\"https:\/\/new.theoaklounge.com\/et\/\",\"name\":\"new.theoaklounge.com\",\"description\":\"Probiootilised h\u00fcgieeni-, koristus ja ilutooted\",\"publisher\":{\"@id\":\"https:\/\/new.theoaklounge.com\/et\/#organization\"},\"alternateName\":\"Pro&Bio\",\"potentialAction\":[{\"@type\":\"SearchAction\",\"target\":{\"@type\":\"EntryPoint\",\"urlTemplate\":\"https:\/\/new.theoaklounge.com\/et\/?s={search_term_string}\"},\"query-input\":\"required name=search_term_string\"}],\"inLanguage\":\"et\"},{\"@type\":\"Organization\",\"@id\":\"https:\/\/new.theoaklounge.com\/et\/#organization\",\"name\":\"Probio Group O\u00dc\",\"alternateName\":\"Pro&Bio\",\"url\":\"https:\/\/new.theoaklounge.com\/et\/\",\"logo\":{\"@type\":\"ImageObject\",\"inLanguage\":\"et\",\"@id\":\"https:\/\/new.theoaklounge.com\/et\/#\/schema\/logo\/image\/\",\"url\":\"https:\/\/new.theoaklounge.com\/wp-content\/uploads\/2024\/01\/Naomi-Goodwin-2-transparent.webp\",\"contentUrl\":\"https:\/\/new.theoaklounge.com\/wp-content\/uploads\/2024\/01\/Naomi-Goodwin-2-transparent.webp\",\"width\":1986,\"height\":1966,\"caption\":\"Probio Group O\u00dc\"},\"image\":{\"@id\":\"https:\/\/new.theoaklounge.com\/et\/#\/schema\/logo\/image\/\"},\"sameAs\":[\"https:\/\/www.facebook.com\/probiootiline\",\"https:\/\/www.instagram.com\/probiootiline\/\"]}]}<\/script>\n<!-- \/ Yoast SEO plugin. -->","yoast_head_json":{"title":"Kontaktid | new.theoaklounge.com","robots":{"index":"index","follow":"follow","max-snippet":"max-snippet:-1","max-image-preview":"max-image-preview:large","max-video-preview":"max-video-preview:-1"},"canonical":"https:\/\/new.theoaklounge.com\/et\/kontaktid\/","og_locale":"et_EE","og_type":"article","og_title":"Kontaktid | new.theoaklounge.com","og_description":"Rasa Trading Company AS Kollane 4\/6-M1, 10147 Tallinn, Estonia Reg:\u00a016702253 |\u00a0VAT:\u00a0EE100579444 Klienditeenindus Telefon: +372 644 5647E-R\u00a010:00 \u2013 17:00,\u00a0L-P\u00a0Kokkuleppel Emailid info@theoaklounge.com Sotsiaalmeedia Saada meile s\u00f5num Kui teil on meie v\u00f5i meie toodete kohta mistahes k\u00fcsimusi, siis v\u00f5tke julgelt \u00fchendust.Vastame teile esimesel v\u00f5imalusel. Ait\u00e4h!","og_url":"https:\/\/new.theoaklounge.com\/et\/kontaktid\/","og_site_name":"new.theoaklounge.com","article_publisher":"https:\/\/www.facebook.com\/probiootiline","article_modified_time":"2024-08-07T14:01:41+00:00","twitter_card":"summary_large_image","twitter_misc":{"Est. reading time":"1 minut"},"schema":{"@context":"https:\/\/schema.org","@graph":[{"@type":"WebPage","@id":"https:\/\/new.theoaklounge.com\/et\/kontaktid\/","url":"https:\/\/new.theoaklounge.com\/et\/kontaktid\/","name":"Kontaktid | new.theoaklounge.com","isPartOf":{"@id":"https:\/\/new.theoaklounge.com\/et\/#website"},"datePublished":"2023-12-21T10:43:02+00:00","dateModified":"2024-08-07T14:01:41+00:00","breadcrumb":{"@id":"https:\/\/new.theoaklounge.com\/et\/kontaktid\/#breadcrumb"},"inLanguage":"et","potentialAction":[{"@type":"ReadAction","target":["https:\/\/new.theoaklounge.com\/et\/kontaktid\/"]}]},{"@type":"BreadcrumbList","@id":"https:\/\/new.theoaklounge.com\/et\/kontaktid\/#breadcrumb","itemListElement":[{"@type":"ListItem","position":1,"name":"Esileht","item":"https:\/\/new.theoaklounge.com\/et\/"},{"@type":"ListItem","position":2,"name":"Kontaktid"}]},{"@type":"WebSite","@id":"https:\/\/new.theoaklounge.com\/et\/#website","url":"https:\/\/new.theoaklounge.com\/et\/","name":"new.theoaklounge.com","description":"Probiootilised h\u00fcgieeni-, koristus ja ilutooted","publisher":{"@id":"https:\/\/new.theoaklounge.com\/et\/#organization"},"alternateName":"Pro&Bio","potentialAction":[{"@type":"SearchAction","target":{"@type":"EntryPoint","urlTemplate":"https:\/\/new.theoaklounge.com\/et\/?s={search_term_string}"},"query-input":"required name=search_term_string"}],"inLanguage":"et"},{"@type":"Organization","@id":"https:\/\/new.theoaklounge.com\/et\/#organization","name":"Probio Group O\u00dc","alternateName":"Pro&Bio","url":"https:\/\/new.theoaklounge.com\/et\/","logo":{"@type":"ImageObject","inLanguage":"et","@id":"https:\/\/new.theoaklounge.com\/et\/#\/schema\/logo\/image\/","url":"https:\/\/new.theoaklounge.com\/wp-content\/uploads\/2024\/01\/Naomi-Goodwin-2-transparent.webp","contentUrl":"https:\/\/new.theoaklounge.com\/wp-content\/uploads\/2024\/01\/Naomi-Goodwin-2-transparent.webp","width":1986,"height":1966,"caption":"Probio Group O\u00dc"},"image":{"@id":"https:\/\/new.theoaklounge.com\/et\/#\/schema\/logo\/image\/"},"sameAs":["https:\/\/www.facebook.com\/probiootiline","https:\/\/www.instagram.com\/probiootiline\/"]}]}},"_links":{"self":[{"href":"https:\/\/new.theoaklounge.com\/et\/wp-json\/wp\/v2\/pages\/136097"}],"collection":[{"href":"https:\/\/new.theoaklounge.com\/et\/wp-json\/wp\/v2\/pages"}],"about":[{"href":"https:\/\/new.theoaklounge.com\/et\/wp-json\/wp\/v2\/types\/page"}],"author":[{"embeddable":true,"href":"https:\/\/new.theoaklounge.com\/et\/wp-json\/wp\/v2\/users\/1"}],"replies":[{"embeddable":true,"href":"https:\/\/new.theoaklounge.com\/et\/wp-json\/wp\/v2\/comments?post=136097"}],"version-history":[{"count":23,"href":"https:\/\/new.theoaklounge.com\/et\/wp-json\/wp\/v2\/pages\/136097\/revisions"}],"predecessor-version":[{"id":141083,"href":"https:\/\/new.theoaklounge.com\/et\/wp-json\/wp\/v2\/pages\/136097\/revisions\/141083"}],"wp:attachment":[{"href":"https:\/\/new.theoaklounge.com\/et\/wp-json\/wp\/v2\/media?parent=136097"}],"curies":[{"name":"wp","href":"https:\/\/api.w.org\/{rel}","templated":true}]}}