{"id":136092,"date":"2023-12-21T12:41:12","date_gmt":"2023-12-21T10:41:12","guid":{"rendered":"https:\/\/new.theoaklounge.com\/?page_id=136092"},"modified":"2023-12-21T12:53:06","modified_gmt":"2023-12-21T10:53:06","slug":"kauba-tagastamine","status":"publish","type":"page","link":"https:\/\/new.theoaklounge.com\/et\/kauba-tagastamine\/","title":{"rendered":"Kauba tagastamine"},"content":{"rendered":"\t\t<div data-elementor-type=\"wp-page\" data-elementor-id=\"136092\" class=\"elementor elementor-136092\" data-elementor-post-type=\"page\">\n\t\t\t\t\t\t<section class=\"elementor-section elementor-top-section elementor-element elementor-element-249bc074 elementor-section-boxed elementor-section-height-default elementor-section-height-default\" data-id=\"249bc074\" data-element_type=\"section\">\n\t\t\t\t\t\t<div class=\"elementor-container elementor-column-gap-default\">\n\t\t\t\t\t<div class=\"elementor-column elementor-col-100 elementor-top-column elementor-element elementor-element-42057014\" data-id=\"42057014\" data-element_type=\"column\">\n\t\t\t<div class=\"elementor-widget-wrap elementor-element-populated\">\n\t\t\t\t\t\t<div class=\"elementor-element elementor-element-729eb39d elementor-widget elementor-widget-text-editor\" data-id=\"729eb39d\" data-element_type=\"widget\" data-widget_type=\"text-editor.default\">\n\t\t\t\t<div class=\"elementor-widget-container\">\n\t\t\t<style>\/*! elementor - v3.21.0 - 15-04-2024 *\/\n.elementor-widget-text-editor.elementor-drop-cap-view-stacked .elementor-drop-cap{background-color:#69727d;color:#fff}.elementor-widget-text-editor.elementor-drop-cap-view-framed .elementor-drop-cap{color:#69727d;border:3px solid;background-color:transparent}.elementor-widget-text-editor:not(.elementor-drop-cap-view-default) .elementor-drop-cap{margin-top:8px}.elementor-widget-text-editor:not(.elementor-drop-cap-view-default) .elementor-drop-cap-letter{width:1em;height:1em}.elementor-widget-text-editor .elementor-drop-cap{float:left;text-align:center;line-height:1;font-size:50px}.elementor-widget-text-editor .elementor-drop-cap-letter{display:inline-block}<\/style>\t\t\t\t<p>Kui sul esines kaubaga probleeme v\u00f5i ei ole toode sobiv siis on meie e-poes v\u00f5imalik tagastada kaup kuni 14 p\u00e4eva jooksul.\u00a0<\/p><p><strong>Enne tagastamisavalduse saatmist veendu, et:<\/strong><\/p><ul><li>Kauba pakend on avatud seda rikkumata (taassuletav pakend pole kahjustatud, rebitud vms)<\/li><li>Kaup on komplektne s.t kauba pakend ja k\u00f5ik detailid on alles.<\/li><li>Kaubal puuduvad kasutamise j\u00e4ljed.<\/li><li>Kaubaks<strong> ei ole<\/strong> avatud pakendiga h\u00fcgieeni- ega isikukaitsevahendid.\u00a0<\/li><li><strong>Kui kauba puhul on tegu praagiga siis lisada kindlasti pildid ja j\u00e4\u00e4da ootama edasisi juhendeid.\u00a0<\/strong><\/li><\/ul><p><strong>Kiiremaks taganemiseks v\u00f5id saata ka klienditeenindus e-mailile j\u00e4rgmised andmed:<\/strong><\/p><ul><li>Tellija nimi<\/li><li>Tellimuse kuup\u00e4ev<\/li><li>Tellimuse number (sobib ka manusena ostuarve)<\/li><li>Tootekood \/ SKU<\/li><li>Tagastuse p\u00f5hjus<\/li><\/ul><p>Peale avalduse esitamist ja selle kohta kinnituse saamist palume klientidel <strong>tagastada kaup teiepoolt valitud viisil.<\/strong> <br \/>Taganemisavaldus t\u00fc\u00fcpvorm on leitav <a href=\"https:\/\/e-kaubanduseliit.ee\/wp-content\/uploads\/2015\/01\/JM_m41_lisa1.pdf\">https:\/\/e-kaubanduseliit.ee\/wp-content\/uploads\/2015\/01\/JM_m41_lisa1.pdf<\/a><\/p><p><strong>Tagastada saab:<\/strong><\/p><ul><li>Omniva, Smartposti v\u00f5i DPD pakiautomaati Tallinnas, Haabersti Rimi automaati &#8211; Tel. +372 5306 2253<\/li><li>Kulleriga: P\u00e4evalille 8-4, Tallinn, 13517, Tel. +372 5306 2253<\/li><li>Kontorisse: P\u00e4evalille 8-4, Tallinn, 13517. <b>Avatud E-R 09:00-17:00<\/b><\/li><\/ul><p><em>* Tagastamisega seonduvad kulud katab Ostja v.a juhul, kui on kokku lepitud teisiti.\u00a0<\/em><strong><br \/><\/strong><\/p><p><strong>Peale kauba \u00fcleandmist pakiautomaati v\u00f5i kullerile kindlasti saata meie e-mailile kinnitusleht\/t\u0161ekk, et saaksime tagastusprotsessi alustada ning tagasikande v\u00f5imalikult kiiresti tehtud.\u00a0<\/strong><\/p><p><strong>K\u00fcsimuste korral p\u00f6\u00f6rduge meie r\u00f5\u00f5msameelse klienditeeninduse poole.\u00a0<\/strong><\/p>\t\t\t\t\t\t<\/div>\n\t\t\t\t<\/div>\n\t\t\t\t\t<\/div>\n\t\t<\/div>\n\t\t\t\t\t<\/div>\n\t\t<\/section>\n\t\t\t\t<\/div>\n\t\t","protected":false},"excerpt":{"rendered":"<p>Kui sul esines kaubaga probleeme v\u00f5i ei ole toode sobiv siis on meie e-poes v\u00f5imalik tagastada kaup kuni 14 p\u00e4eva jooksul.\u00a0 Enne tagastamisavalduse saatmist veendu, et: Kauba pakend on avatud seda rikkumata (taassuletav pakend pole kahjustatud, rebitud vms) Kaup on komplektne s.t kauba pakend ja k\u00f5ik detailid on alles. Kaubal puuduvad kasutamise j\u00e4ljed. Kaubaks ei [&hellip;]<\/p>\n","protected":false},"author":1,"featured_media":0,"parent":0,"menu_order":0,"comment_status":"closed","ping_status":"closed","template":"","meta":{"footnotes":""},"yoast_head":"<!-- This site is optimized with the Yoast SEO plugin v22.5 - https:\/\/yoast.com\/wordpress\/plugins\/seo\/ -->\n<title>Kauba tagastamine | new.theoaklounge.com<\/title>\n<meta name=\"robots\" content=\"index, follow, max-snippet:-1, max-image-preview:large, max-video-preview:-1\" \/>\n<link rel=\"canonical\" href=\"https:\/\/new.theoaklounge.com\/et\/kauba-tagastamine\/\" \/>\n<meta property=\"og:locale\" content=\"et_EE\" \/>\n<meta property=\"og:type\" content=\"article\" \/>\n<meta property=\"og:title\" content=\"Kauba tagastamine | new.theoaklounge.com\" \/>\n<meta property=\"og:description\" content=\"Kui sul esines kaubaga probleeme v\u00f5i ei ole toode sobiv siis on meie e-poes v\u00f5imalik tagastada kaup kuni 14 p\u00e4eva jooksul.\u00a0 Enne tagastamisavalduse saatmist veendu, et: Kauba pakend on avatud seda rikkumata (taassuletav pakend pole kahjustatud, rebitud vms) Kaup on komplektne s.t kauba pakend ja k\u00f5ik detailid on alles. Kaubal puuduvad kasutamise j\u00e4ljed. Kaubaks ei [&hellip;]\" \/>\n<meta property=\"og:url\" content=\"https:\/\/new.theoaklounge.com\/et\/kauba-tagastamine\/\" \/>\n<meta property=\"og:site_name\" content=\"new.theoaklounge.com\" \/>\n<meta property=\"article:publisher\" content=\"https:\/\/www.facebook.com\/probiootiline\" \/>\n<meta property=\"article:modified_time\" content=\"2023-12-21T10:53:06+00:00\" \/>\n<meta name=\"twitter:card\" content=\"summary_large_image\" \/>\n<meta name=\"twitter:label1\" content=\"Est. reading time\" \/>\n\t<meta name=\"twitter:data1\" content=\"1 minut\" \/>\n<script type=\"application\/ld+json\" class=\"yoast-schema-graph\">{\"@context\":\"https:\/\/schema.org\",\"@graph\":[{\"@type\":\"WebPage\",\"@id\":\"https:\/\/new.theoaklounge.com\/et\/kauba-tagastamine\/\",\"url\":\"https:\/\/new.theoaklounge.com\/et\/kauba-tagastamine\/\",\"name\":\"Kauba tagastamine | new.theoaklounge.com\",\"isPartOf\":{\"@id\":\"https:\/\/new.theoaklounge.com\/et\/#website\"},\"datePublished\":\"2023-12-21T10:41:12+00:00\",\"dateModified\":\"2023-12-21T10:53:06+00:00\",\"breadcrumb\":{\"@id\":\"https:\/\/new.theoaklounge.com\/et\/kauba-tagastamine\/#breadcrumb\"},\"inLanguage\":\"et\",\"potentialAction\":[{\"@type\":\"ReadAction\",\"target\":[\"https:\/\/new.theoaklounge.com\/et\/kauba-tagastamine\/\"]}]},{\"@type\":\"BreadcrumbList\",\"@id\":\"https:\/\/new.theoaklounge.com\/et\/kauba-tagastamine\/#breadcrumb\",\"itemListElement\":[{\"@type\":\"ListItem\",\"position\":1,\"name\":\"Esileht\",\"item\":\"https:\/\/new.theoaklounge.com\/et\/\"},{\"@type\":\"ListItem\",\"position\":2,\"name\":\"Kauba tagastamine\"}]},{\"@type\":\"WebSite\",\"@id\":\"https:\/\/new.theoaklounge.com\/et\/#website\",\"url\":\"https:\/\/new.theoaklounge.com\/et\/\",\"name\":\"new.theoaklounge.com\",\"description\":\"Probiootilised h\u00fcgieeni-, koristus ja ilutooted\",\"publisher\":{\"@id\":\"https:\/\/new.theoaklounge.com\/et\/#organization\"},\"alternateName\":\"Pro&Bio\",\"potentialAction\":[{\"@type\":\"SearchAction\",\"target\":{\"@type\":\"EntryPoint\",\"urlTemplate\":\"https:\/\/new.theoaklounge.com\/et\/?s={search_term_string}\"},\"query-input\":\"required name=search_term_string\"}],\"inLanguage\":\"et\"},{\"@type\":\"Organization\",\"@id\":\"https:\/\/new.theoaklounge.com\/et\/#organization\",\"name\":\"Probio Group O\u00dc\",\"alternateName\":\"Pro&Bio\",\"url\":\"https:\/\/new.theoaklounge.com\/et\/\",\"logo\":{\"@type\":\"ImageObject\",\"inLanguage\":\"et\",\"@id\":\"https:\/\/new.theoaklounge.com\/et\/#\/schema\/logo\/image\/\",\"url\":\"https:\/\/new.theoaklounge.com\/wp-content\/uploads\/2024\/01\/Naomi-Goodwin-2-transparent.webp\",\"contentUrl\":\"https:\/\/new.theoaklounge.com\/wp-content\/uploads\/2024\/01\/Naomi-Goodwin-2-transparent.webp\",\"width\":1986,\"height\":1966,\"caption\":\"Probio Group O\u00dc\"},\"image\":{\"@id\":\"https:\/\/new.theoaklounge.com\/et\/#\/schema\/logo\/image\/\"},\"sameAs\":[\"https:\/\/www.facebook.com\/probiootiline\",\"https:\/\/www.instagram.com\/probiootiline\/\"]}]}<\/script>\n<!-- \/ Yoast SEO plugin. -->","yoast_head_json":{"title":"Kauba tagastamine | new.theoaklounge.com","robots":{"index":"index","follow":"follow","max-snippet":"max-snippet:-1","max-image-preview":"max-image-preview:large","max-video-preview":"max-video-preview:-1"},"canonical":"https:\/\/new.theoaklounge.com\/et\/kauba-tagastamine\/","og_locale":"et_EE","og_type":"article","og_title":"Kauba tagastamine | new.theoaklounge.com","og_description":"Kui sul esines kaubaga probleeme v\u00f5i ei ole toode sobiv siis on meie e-poes v\u00f5imalik tagastada kaup kuni 14 p\u00e4eva jooksul.\u00a0 Enne tagastamisavalduse saatmist veendu, et: Kauba pakend on avatud seda rikkumata (taassuletav pakend pole kahjustatud, rebitud vms) Kaup on komplektne s.t kauba pakend ja k\u00f5ik detailid on alles. Kaubal puuduvad kasutamise j\u00e4ljed. Kaubaks ei [&hellip;]","og_url":"https:\/\/new.theoaklounge.com\/et\/kauba-tagastamine\/","og_site_name":"new.theoaklounge.com","article_publisher":"https:\/\/www.facebook.com\/probiootiline","article_modified_time":"2023-12-21T10:53:06+00:00","twitter_card":"summary_large_image","twitter_misc":{"Est. reading time":"1 minut"},"schema":{"@context":"https:\/\/schema.org","@graph":[{"@type":"WebPage","@id":"https:\/\/new.theoaklounge.com\/et\/kauba-tagastamine\/","url":"https:\/\/new.theoaklounge.com\/et\/kauba-tagastamine\/","name":"Kauba tagastamine | new.theoaklounge.com","isPartOf":{"@id":"https:\/\/new.theoaklounge.com\/et\/#website"},"datePublished":"2023-12-21T10:41:12+00:00","dateModified":"2023-12-21T10:53:06+00:00","breadcrumb":{"@id":"https:\/\/new.theoaklounge.com\/et\/kauba-tagastamine\/#breadcrumb"},"inLanguage":"et","potentialAction":[{"@type":"ReadAction","target":["https:\/\/new.theoaklounge.com\/et\/kauba-tagastamine\/"]}]},{"@type":"BreadcrumbList","@id":"https:\/\/new.theoaklounge.com\/et\/kauba-tagastamine\/#breadcrumb","itemListElement":[{"@type":"ListItem","position":1,"name":"Esileht","item":"https:\/\/new.theoaklounge.com\/et\/"},{"@type":"ListItem","position":2,"name":"Kauba tagastamine"}]},{"@type":"WebSite","@id":"https:\/\/new.theoaklounge.com\/et\/#website","url":"https:\/\/new.theoaklounge.com\/et\/","name":"new.theoaklounge.com","description":"Probiootilised h\u00fcgieeni-, koristus ja ilutooted","publisher":{"@id":"https:\/\/new.theoaklounge.com\/et\/#organization"},"alternateName":"Pro&Bio","potentialAction":[{"@type":"SearchAction","target":{"@type":"EntryPoint","urlTemplate":"https:\/\/new.theoaklounge.com\/et\/?s={search_term_string}"},"query-input":"required name=search_term_string"}],"inLanguage":"et"},{"@type":"Organization","@id":"https:\/\/new.theoaklounge.com\/et\/#organization","name":"Probio Group O\u00dc","alternateName":"Pro&Bio","url":"https:\/\/new.theoaklounge.com\/et\/","logo":{"@type":"ImageObject","inLanguage":"et","@id":"https:\/\/new.theoaklounge.com\/et\/#\/schema\/logo\/image\/","url":"https:\/\/new.theoaklounge.com\/wp-content\/uploads\/2024\/01\/Naomi-Goodwin-2-transparent.webp","contentUrl":"https:\/\/new.theoaklounge.com\/wp-content\/uploads\/2024\/01\/Naomi-Goodwin-2-transparent.webp","width":1986,"height":1966,"caption":"Probio Group O\u00dc"},"image":{"@id":"https:\/\/new.theoaklounge.com\/et\/#\/schema\/logo\/image\/"},"sameAs":["https:\/\/www.facebook.com\/probiootiline","https:\/\/www.instagram.com\/probiootiline\/"]}]}},"_links":{"self":[{"href":"https:\/\/new.theoaklounge.com\/et\/wp-json\/wp\/v2\/pages\/136092"}],"collection":[{"href":"https:\/\/new.theoaklounge.com\/et\/wp-json\/wp\/v2\/pages"}],"about":[{"href":"https:\/\/new.theoaklounge.com\/et\/wp-json\/wp\/v2\/types\/page"}],"author":[{"embeddable":true,"href":"https:\/\/new.theoaklounge.com\/et\/wp-json\/wp\/v2\/users\/1"}],"replies":[{"embeddable":true,"href":"https:\/\/new.theoaklounge.com\/et\/wp-json\/wp\/v2\/comments?post=136092"}],"version-history":[{"count":8,"href":"https:\/\/new.theoaklounge.com\/et\/wp-json\/wp\/v2\/pages\/136092\/revisions"}],"predecessor-version":[{"id":136111,"href":"https:\/\/new.theoaklounge.com\/et\/wp-json\/wp\/v2\/pages\/136092\/revisions\/136111"}],"wp:attachment":[{"href":"https:\/\/new.theoaklounge.com\/et\/wp-json\/wp\/v2\/media?parent=136092"}],"curies":[{"name":"wp","href":"https:\/\/api.w.org\/{rel}","templated":true}]}}