{"id":136084,"date":"2023-12-21T12:38:24","date_gmt":"2023-12-21T10:38:24","guid":{"rendered":"https:\/\/new.theoaklounge.com\/?page_id=136084"},"modified":"2024-08-07T16:52:44","modified_gmt":"2024-08-07T13:52:44","slug":"meist","status":"publish","type":"page","link":"https:\/\/new.theoaklounge.com\/et\/meist\/","title":{"rendered":"Meist"},"content":{"rendered":"\t\t<div data-elementor-type=\"wp-page\" data-elementor-id=\"136084\" class=\"elementor elementor-136084\" data-elementor-post-type=\"page\">\n\t\t\t\t\t\t<section class=\"elementor-section elementor-top-section elementor-element elementor-element-69cdda07 elementor-section-boxed elementor-section-height-default elementor-section-height-default\" data-id=\"69cdda07\" data-element_type=\"section\">\n\t\t\t\t\t\t<div class=\"elementor-container elementor-column-gap-default\">\n\t\t\t\t\t<div class=\"elementor-column elementor-col-33 elementor-top-column elementor-element elementor-element-6f09a683\" data-id=\"6f09a683\" data-element_type=\"column\">\n\t\t\t<div class=\"elementor-widget-wrap elementor-element-populated\">\n\t\t\t\t\t\t<div class=\"elementor-element elementor-element-71ec8d4e elementor-widget elementor-widget-heading\" data-id=\"71ec8d4e\" data-element_type=\"widget\" data-widget_type=\"heading.default\">\n\t\t\t\t<div class=\"elementor-widget-container\">\n\t\t\t<style>\/*! elementor - v3.21.0 - 15-04-2024 *\/\n.elementor-heading-title{padding:0;margin:0;line-height:1}.elementor-widget-heading .elementor-heading-title[class*=elementor-size-]>a{color:inherit;font-size:inherit;line-height:inherit}.elementor-widget-heading .elementor-heading-title.elementor-size-small{font-size:15px}.elementor-widget-heading .elementor-heading-title.elementor-size-medium{font-size:19px}.elementor-widget-heading .elementor-heading-title.elementor-size-large{font-size:29px}.elementor-widget-heading .elementor-heading-title.elementor-size-xl{font-size:39px}.elementor-widget-heading .elementor-heading-title.elementor-size-xxl{font-size:59px}<\/style><h3 class=\"elementor-heading-title elementor-size-default\">Rasa Trading Company AS<\/h3>\t\t<\/div>\n\t\t\t\t<\/div>\n\t\t\t\t<div class=\"elementor-element elementor-element-265368d4 elementor-widget elementor-widget-text-editor\" data-id=\"265368d4\" data-element_type=\"widget\" data-widget_type=\"text-editor.default\">\n\t\t\t\t<div class=\"elementor-widget-container\">\n\t\t\t<style>\/*! elementor - v3.21.0 - 15-04-2024 *\/\n.elementor-widget-text-editor.elementor-drop-cap-view-stacked .elementor-drop-cap{background-color:#69727d;color:#fff}.elementor-widget-text-editor.elementor-drop-cap-view-framed .elementor-drop-cap{color:#69727d;border:3px solid;background-color:transparent}.elementor-widget-text-editor:not(.elementor-drop-cap-view-default) .elementor-drop-cap{margin-top:8px}.elementor-widget-text-editor:not(.elementor-drop-cap-view-default) .elementor-drop-cap-letter{width:1em;height:1em}.elementor-widget-text-editor .elementor-drop-cap{float:left;text-align:center;line-height:1;font-size:50px}.elementor-widget-text-editor .elementor-drop-cap-letter{display:inline-block}<\/style>\t\t\t\t<h1 class=\"fusion-responsive-typography-calculated\" data-fontsize=\"35\" data-lineheight=\"36.05px\">Meist<\/h1><p>Viskid.ee eesm\u00e4rgiks on tuua Eestisse koht, kust nii algaja kui ka asjatundja saaks kogu info viskide ja sigarimaailma\u00a0kohta.<\/p><p>Lugu sai alguse sellest, et olime kord ise olukorras, kus algajana ei olnud v\u00f5imalik saada infot viskide kohta, kuidas seda tarbida, kust saada\u00a0ja nii edasi. See oli k\u00f5ik \u00fcks suur tundmatu maailm. Isegi \u00f5ige viskiklaasi poest leidmine osutus probleemiks.<br \/>Istudes siis s\u00f5pruskonnaga hea viski k\u00f5rval tuli idee, et miks mitte teha \u00fcks veebileht kust saab iga inimene teada Viskidest k\u00f5ike.<br \/>Selle lehe eesm\u00e4rgiks on tuua teieni uusimad uudised, viia kurssi Eestis toimuvaga, arutleda viskide ja sigarite \u00fcle ja \u00fcle\u00fcldises m\u00f5ttes tuua see suurep\u00e4rane maailm k\u00f5igile tiba l\u00e4hemale.<\/p><p>Loomulikult ei puudu meie lehelt v\u00f5imalus head ja paremat osta. Koost\u00f6\u00f6s Eesti maaletoojatega toome teieni suurima valiku sigareid Eestis ja ka k\u00f5ige suurema valiku viski ja sigari tarbeid.<\/p><p>Lisasime lehek\u00fcljele ka foorumi osa, kuhu ootame nii uusi huvilisi\u00a0kui ka oma ala veterane, et koos saaksime jagada teadmisi ja luua \u00fchiste huvidega s\u00f5pruskonna.<br \/>Hoolitseme ka omalt poolelt selle eest, et ka k\u00f5ik kokku saaksid \u2013 nii pea kui liikmete arv on piisav hakkame korraldama igakuiseid \u201dTasting\u201d \u00fcritusi. Saame korra kuus kokku, maitseme head ja paremat ning r\u00e4\u00e4givad oma ala tegijad viskidest ja sigaritest l\u00e4hemalt!<\/p><p>Kokkuv\u00f5tvalt, kui sa oled viski v\u00f5i sigari huviline siis oled sa maandunud \u00f5igesse kohta!<br \/>Liitu ka foorumiga ning loome koos Eestisse korraliku viskikultuuri!<\/p>\t\t\t\t\t\t<\/div>\n\t\t\t\t<\/div>\n\t\t\t\t\t<\/div>\n\t\t<\/div>\n\t\t\t\t<div class=\"elementor-column elementor-col-66 elementor-top-column elementor-element elementor-element-3a6992a\" data-id=\"3a6992a\" data-element_type=\"column\">\n\t\t\t<div class=\"elementor-widget-wrap elementor-element-populated\">\n\t\t\t\t\t\t\t<\/div>\n\t\t<\/div>\n\t\t\t\t\t<\/div>\n\t\t<\/section>\n\t\t\t\t<\/div>\n\t\t","protected":false},"excerpt":{"rendered":"<p>Rasa Trading Company AS Meist Viskid.ee eesm\u00e4rgiks on tuua Eestisse koht, kust nii algaja kui ka asjatundja saaks kogu info viskide ja sigarimaailma\u00a0kohta. Lugu sai alguse sellest, et olime kord ise olukorras, kus algajana ei olnud v\u00f5imalik saada infot viskide kohta, kuidas seda tarbida, kust saada\u00a0ja nii edasi. See oli k\u00f5ik \u00fcks suur tundmatu maailm. [&hellip;]<\/p>\n","protected":false},"author":1,"featured_media":0,"parent":0,"menu_order":0,"comment_status":"closed","ping_status":"closed","template":"","meta":{"footnotes":""},"yoast_head":"<!-- This site is optimized with the Yoast SEO plugin v22.5 - https:\/\/yoast.com\/wordpress\/plugins\/seo\/ -->\n<title>Meist | new.theoaklounge.com<\/title>\n<meta name=\"robots\" content=\"index, follow, max-snippet:-1, max-image-preview:large, max-video-preview:-1\" \/>\n<link rel=\"canonical\" href=\"https:\/\/new.theoaklounge.com\/et\/meist\/\" \/>\n<meta property=\"og:locale\" content=\"et_EE\" \/>\n<meta property=\"og:type\" content=\"article\" \/>\n<meta property=\"og:title\" content=\"Meist | new.theoaklounge.com\" \/>\n<meta property=\"og:description\" content=\"Rasa Trading Company AS Meist Viskid.ee eesm\u00e4rgiks on tuua Eestisse koht, kust nii algaja kui ka asjatundja saaks kogu info viskide ja sigarimaailma\u00a0kohta. Lugu sai alguse sellest, et olime kord ise olukorras, kus algajana ei olnud v\u00f5imalik saada infot viskide kohta, kuidas seda tarbida, kust saada\u00a0ja nii edasi. See oli k\u00f5ik \u00fcks suur tundmatu maailm. [&hellip;]\" \/>\n<meta property=\"og:url\" content=\"https:\/\/new.theoaklounge.com\/et\/meist\/\" \/>\n<meta property=\"og:site_name\" content=\"new.theoaklounge.com\" \/>\n<meta property=\"article:publisher\" content=\"https:\/\/www.facebook.com\/probiootiline\" \/>\n<meta property=\"article:modified_time\" content=\"2024-08-07T13:52:44+00:00\" \/>\n<meta name=\"twitter:card\" content=\"summary_large_image\" \/>\n<meta name=\"twitter:label1\" content=\"Est. reading time\" \/>\n\t<meta name=\"twitter:data1\" content=\"2 minutit\" \/>\n<script type=\"application\/ld+json\" class=\"yoast-schema-graph\">{\"@context\":\"https:\/\/schema.org\",\"@graph\":[{\"@type\":\"WebPage\",\"@id\":\"https:\/\/new.theoaklounge.com\/et\/meist\/\",\"url\":\"https:\/\/new.theoaklounge.com\/et\/meist\/\",\"name\":\"Meist | new.theoaklounge.com\",\"isPartOf\":{\"@id\":\"https:\/\/new.theoaklounge.com\/et\/#website\"},\"datePublished\":\"2023-12-21T10:38:24+00:00\",\"dateModified\":\"2024-08-07T13:52:44+00:00\",\"breadcrumb\":{\"@id\":\"https:\/\/new.theoaklounge.com\/et\/meist\/#breadcrumb\"},\"inLanguage\":\"et\",\"potentialAction\":[{\"@type\":\"ReadAction\",\"target\":[\"https:\/\/new.theoaklounge.com\/et\/meist\/\"]}]},{\"@type\":\"BreadcrumbList\",\"@id\":\"https:\/\/new.theoaklounge.com\/et\/meist\/#breadcrumb\",\"itemListElement\":[{\"@type\":\"ListItem\",\"position\":1,\"name\":\"Esileht\",\"item\":\"https:\/\/new.theoaklounge.com\/et\/\"},{\"@type\":\"ListItem\",\"position\":2,\"name\":\"Meist\"}]},{\"@type\":\"WebSite\",\"@id\":\"https:\/\/new.theoaklounge.com\/et\/#website\",\"url\":\"https:\/\/new.theoaklounge.com\/et\/\",\"name\":\"new.theoaklounge.com\",\"description\":\"Probiootilised h\u00fcgieeni-, koristus ja ilutooted\",\"publisher\":{\"@id\":\"https:\/\/new.theoaklounge.com\/et\/#organization\"},\"alternateName\":\"Pro&Bio\",\"potentialAction\":[{\"@type\":\"SearchAction\",\"target\":{\"@type\":\"EntryPoint\",\"urlTemplate\":\"https:\/\/new.theoaklounge.com\/et\/?s={search_term_string}\"},\"query-input\":\"required name=search_term_string\"}],\"inLanguage\":\"et\"},{\"@type\":\"Organization\",\"@id\":\"https:\/\/new.theoaklounge.com\/et\/#organization\",\"name\":\"Probio Group O\u00dc\",\"alternateName\":\"Pro&Bio\",\"url\":\"https:\/\/new.theoaklounge.com\/et\/\",\"logo\":{\"@type\":\"ImageObject\",\"inLanguage\":\"et\",\"@id\":\"https:\/\/new.theoaklounge.com\/et\/#\/schema\/logo\/image\/\",\"url\":\"https:\/\/new.theoaklounge.com\/wp-content\/uploads\/2024\/01\/Naomi-Goodwin-2-transparent.webp\",\"contentUrl\":\"https:\/\/new.theoaklounge.com\/wp-content\/uploads\/2024\/01\/Naomi-Goodwin-2-transparent.webp\",\"width\":1986,\"height\":1966,\"caption\":\"Probio Group O\u00dc\"},\"image\":{\"@id\":\"https:\/\/new.theoaklounge.com\/et\/#\/schema\/logo\/image\/\"},\"sameAs\":[\"https:\/\/www.facebook.com\/probiootiline\",\"https:\/\/www.instagram.com\/probiootiline\/\"]}]}<\/script>\n<!-- \/ Yoast SEO plugin. -->","yoast_head_json":{"title":"Meist | new.theoaklounge.com","robots":{"index":"index","follow":"follow","max-snippet":"max-snippet:-1","max-image-preview":"max-image-preview:large","max-video-preview":"max-video-preview:-1"},"canonical":"https:\/\/new.theoaklounge.com\/et\/meist\/","og_locale":"et_EE","og_type":"article","og_title":"Meist | new.theoaklounge.com","og_description":"Rasa Trading Company AS Meist Viskid.ee eesm\u00e4rgiks on tuua Eestisse koht, kust nii algaja kui ka asjatundja saaks kogu info viskide ja sigarimaailma\u00a0kohta. Lugu sai alguse sellest, et olime kord ise olukorras, kus algajana ei olnud v\u00f5imalik saada infot viskide kohta, kuidas seda tarbida, kust saada\u00a0ja nii edasi. See oli k\u00f5ik \u00fcks suur tundmatu maailm. [&hellip;]","og_url":"https:\/\/new.theoaklounge.com\/et\/meist\/","og_site_name":"new.theoaklounge.com","article_publisher":"https:\/\/www.facebook.com\/probiootiline","article_modified_time":"2024-08-07T13:52:44+00:00","twitter_card":"summary_large_image","twitter_misc":{"Est. reading time":"2 minutit"},"schema":{"@context":"https:\/\/schema.org","@graph":[{"@type":"WebPage","@id":"https:\/\/new.theoaklounge.com\/et\/meist\/","url":"https:\/\/new.theoaklounge.com\/et\/meist\/","name":"Meist | new.theoaklounge.com","isPartOf":{"@id":"https:\/\/new.theoaklounge.com\/et\/#website"},"datePublished":"2023-12-21T10:38:24+00:00","dateModified":"2024-08-07T13:52:44+00:00","breadcrumb":{"@id":"https:\/\/new.theoaklounge.com\/et\/meist\/#breadcrumb"},"inLanguage":"et","potentialAction":[{"@type":"ReadAction","target":["https:\/\/new.theoaklounge.com\/et\/meist\/"]}]},{"@type":"BreadcrumbList","@id":"https:\/\/new.theoaklounge.com\/et\/meist\/#breadcrumb","itemListElement":[{"@type":"ListItem","position":1,"name":"Esileht","item":"https:\/\/new.theoaklounge.com\/et\/"},{"@type":"ListItem","position":2,"name":"Meist"}]},{"@type":"WebSite","@id":"https:\/\/new.theoaklounge.com\/et\/#website","url":"https:\/\/new.theoaklounge.com\/et\/","name":"new.theoaklounge.com","description":"Probiootilised h\u00fcgieeni-, koristus ja ilutooted","publisher":{"@id":"https:\/\/new.theoaklounge.com\/et\/#organization"},"alternateName":"Pro&Bio","potentialAction":[{"@type":"SearchAction","target":{"@type":"EntryPoint","urlTemplate":"https:\/\/new.theoaklounge.com\/et\/?s={search_term_string}"},"query-input":"required name=search_term_string"}],"inLanguage":"et"},{"@type":"Organization","@id":"https:\/\/new.theoaklounge.com\/et\/#organization","name":"Probio Group O\u00dc","alternateName":"Pro&Bio","url":"https:\/\/new.theoaklounge.com\/et\/","logo":{"@type":"ImageObject","inLanguage":"et","@id":"https:\/\/new.theoaklounge.com\/et\/#\/schema\/logo\/image\/","url":"https:\/\/new.theoaklounge.com\/wp-content\/uploads\/2024\/01\/Naomi-Goodwin-2-transparent.webp","contentUrl":"https:\/\/new.theoaklounge.com\/wp-content\/uploads\/2024\/01\/Naomi-Goodwin-2-transparent.webp","width":1986,"height":1966,"caption":"Probio Group O\u00dc"},"image":{"@id":"https:\/\/new.theoaklounge.com\/et\/#\/schema\/logo\/image\/"},"sameAs":["https:\/\/www.facebook.com\/probiootiline","https:\/\/www.instagram.com\/probiootiline\/"]}]}},"_links":{"self":[{"href":"https:\/\/new.theoaklounge.com\/et\/wp-json\/wp\/v2\/pages\/136084"}],"collection":[{"href":"https:\/\/new.theoaklounge.com\/et\/wp-json\/wp\/v2\/pages"}],"about":[{"href":"https:\/\/new.theoaklounge.com\/et\/wp-json\/wp\/v2\/types\/page"}],"author":[{"embeddable":true,"href":"https:\/\/new.theoaklounge.com\/et\/wp-json\/wp\/v2\/users\/1"}],"replies":[{"embeddable":true,"href":"https:\/\/new.theoaklounge.com\/et\/wp-json\/wp\/v2\/comments?post=136084"}],"version-history":[{"count":13,"href":"https:\/\/new.theoaklounge.com\/et\/wp-json\/wp\/v2\/pages\/136084\/revisions"}],"predecessor-version":[{"id":141074,"href":"https:\/\/new.theoaklounge.com\/et\/wp-json\/wp\/v2\/pages\/136084\/revisions\/141074"}],"wp:attachment":[{"href":"https:\/\/new.theoaklounge.com\/et\/wp-json\/wp\/v2\/media?parent=136084"}],"curies":[{"name":"wp","href":"https:\/\/api.w.org\/{rel}","templated":true}]}}