{"id":12,"date":"2023-12-14T15:52:42","date_gmt":"2023-12-14T15:52:42","guid":{"rendered":"https:\/\/new.theoaklounge.com\/?page_id=12"},"modified":"2024-08-07T17:04:54","modified_gmt":"2024-08-07T14:04:54","slug":"muugitingimused","status":"publish","type":"page","link":"https:\/\/new.theoaklounge.com\/et\/muugitingimused\/","title":{"rendered":"M\u00fc\u00fcgitingimused"},"content":{"rendered":"\t\t<div data-elementor-type=\"wp-page\" data-elementor-id=\"12\" class=\"elementor elementor-12\" data-elementor-post-type=\"page\">\n\t\t\t\t<div class=\"elementor-element elementor-element-4e2e9bf e-flex e-con-boxed e-con e-parent\" data-id=\"4e2e9bf\" data-element_type=\"container\">\n\t\t\t\t\t<div class=\"e-con-inner\">\n\t\t\t\t<div class=\"elementor-element elementor-element-54f668aa elementor-widget elementor-widget-text-editor\" data-id=\"54f668aa\" data-element_type=\"widget\" data-widget_type=\"text-editor.default\">\n\t\t\t\t<div class=\"elementor-widget-container\">\n\t\t\t<style>\/*! elementor - v3.21.0 - 15-04-2024 *\/\n.elementor-widget-text-editor.elementor-drop-cap-view-stacked .elementor-drop-cap{background-color:#69727d;color:#fff}.elementor-widget-text-editor.elementor-drop-cap-view-framed .elementor-drop-cap{color:#69727d;border:3px solid;background-color:transparent}.elementor-widget-text-editor:not(.elementor-drop-cap-view-default) .elementor-drop-cap{margin-top:8px}.elementor-widget-text-editor:not(.elementor-drop-cap-view-default) .elementor-drop-cap-letter{width:1em;height:1em}.elementor-widget-text-editor .elementor-drop-cap{float:left;text-align:center;line-height:1;font-size:50px}.elementor-widget-text-editor .elementor-drop-cap-letter{display:inline-block}<\/style>\t\t\t\t<h3><strong>1. \u00dcLDINFO<\/strong><\/h3><p><strong>1.1<\/strong>\u00a0Kirjade vastamise aeg on kuni 5 t\u00f6\u00f6p\u00e4eva. Kui tekib k\u00fcsimusi v\u00f5i soovite teada tellimuse kohta infot, p\u00f6\u00f6rduge julgelt klienditeeninduse\u00a0<a href=\"https:\/\/new.cha.ee\/kontakt\">poole<\/a>.<\/p><p><strong>1.2<\/strong>\u00a0Makseid v\u00f5etakse vastu valuutas\u00a0<strong>EUR<\/strong>.<\/p><p><strong>1.3<\/strong>\u00a0Antud veebilehte haldab\u00a0<b>Rasa Trading Company AS<\/b>.<\/p><h3>2. TELLIMINE<\/h3><p><strong>2.1<\/strong>\u00a0Tooteid saate tellida meie veebipoest ilma registreerumiseta, kuid registreeritud kasutajatele v\u00f5ivad rakenduda lisasoodustused. S\u00fcsteem on turvaline ja mugav kasutada, ning isikuandmed on meiega kaitstud.<\/p><p><strong>2.2<\/strong>\u00a0Tellimuse esitamiseks tuleb l\u00e4bida j\u00e4rgmised tegevused:<\/p><p>1) Lisage sobiv toode\/tooted ostukorvi;<\/p><p>2) Liikuge edasi ostukorvi, vajutades ostukorvi kujulist nuppu lehe \u00fclaosas;<\/p><p>3) T\u00e4itke k\u00fcsitud lahtrid, valige sobiv transpordi ja makseviis;<\/p><p>4) Lugege l\u00e4bi Ostu- ja M\u00fc\u00fcgitingimused ning n\u00f5ustumise korral andke n\u00f5usoleku kinnitus;<\/p><p>5) Vajutage nupule \u201dEsita tellimus\u201d ning sooritage tellimuse eest makse.<\/p><p>N\u00fc\u00fcd j\u00e4\u00e4b \u00fcle ainult oodata kuniks saabub teile tellimuse kinnitus e-mailile ning teie tellimust komplekeerima hakatakse.<\/p><h3>3. TASUMINE<\/h3><p><strong>3.1<\/strong>\u00a0P\u00e4rast ostu tasumist tuleb kindlasti vajutada nuppu \u201c<strong>Tagasi kaupmehe juurde<\/strong>\u201c.<\/p><p><strong>3.2<\/strong>\u00a0Meie kodulehelt saate kiirelt ja turvaliselt tasuda oma tellimuse eest l\u00e4bi pangalinkide, j\u00e4relmaksu partnerite ja arve\/e-arve alusel.<\/p><p><strong>3.2.1<\/strong>\u00a0Toetame j\u00e4rgmisi pangalinke: Swedbank, SEB, LHV pank, Luminor pank ja COOP pank. Makseid vahendab Montonio maksevahendusteenus.<\/p><p><strong>3.3<\/strong>\u00a0Tellimusega tegeletakse kohe, kui Teie poolt tasutud makse on sajaprotsendiliselt arvelduskontole laekunud.<\/p><p><strong>3.4<\/strong>\u00a0Maksetega seotud teenustasud kannab ostja.<\/p><h3>4. K\u00c4TTETOIMETAMINE<\/h3><p><strong>4.1<\/strong>\u00a0Kui olete edukalt tasunud oma kauba eest, tuleb Teie e-mailile vastav kiri \u201ctellimus kinnitatud\u201d koos detailse infoga. Kui te pole seda kirja saanud, siis kindlasti v\u00f5tke \u00fchendust klienditeenindusega. Peale seda hakatakse Teie tellimusega tegelema. Kui kaup on komplekteeritud, pannakse see Teie poole teele ning saate kohe ka kirja e-mailile \u201cTeie tellimus on teele pandud\u201d.<\/p><p><strong>4.1.1<\/strong>\u00a0NB! Riiklikel p\u00fchadel saatmist\/k\u00e4ttesaamist ei toimu.<\/p><p><strong>4.2<\/strong>\u00a0T\u00e4psete ja ajakohaste tarneviiside ja nende maksumusega saate tutvuda Transpordi info lehel.\u00a0<strong>Viide:<\/strong>\u00a0<a href=\"https:\/\/new.cha.ee\/transport\">Transpordi info<\/a><\/p><p><strong>4.3<\/strong>\u00a0Juhul, kui klient ei l\u00e4he \u00f5igeaegselt paki j\u00e4rele ning see tagastatakse Rasa Trading Company AS-le, siis on kliendi kohustus tasuda tagastusega seonduvad kulud ning soovikorral ka uuesti postitamise kulu. Kui klient on tellinud kauba esindusse j\u00e4rele tulemisega, siis on kliendil kohustus kaubale j\u00e4rele tulla 3 kalendrikuu jooksul. Kaubale j\u00e4rgi tulemata j\u00e4tmisel tellimus anuleeritakse ning tellimuse eest tasutud summat ei tagastata.<\/p><h3>5. TAGANEMIS\u00d5IGUS<\/h3><p><strong>5.1<\/strong>\u00a0Tellijal on \u00f5igus p\u00f5hjust avaldamata 14 p\u00e4eva jooksul tellitud kauba k\u00e4ttesaamisest lepingust taganeda ning kaup \u00fcmber vahetada v\u00f5i tagastada. Lepingust taganemise korral peab tellija kauba tagastama viivitamata, kuid mitte hiljem kui 14 p\u00e4eva jooksul.<\/p><p><strong>5.2<\/strong>\u00a0Kaupa v\u00f5ib proovida ja sellega tutvuda, et veenduda selle sobivuses v\u00f5i mittesobivuses, kuid proovimise k\u00e4igus tuleb tagada kauba ja selle pakendi minimaalne m\u00f5jutatus. Proovimine t\u00e4hendab samav\u00e4\u00e4rset kasutust nagu on tavaks jaekaubandusasutustes enne ostu sooritamist.<\/p><p><strong>5.3<\/strong>\u00a0Tagastatud toode peab olema originaalpakendis, originaalmarkeeringus ning samasuguses kompleksuses nagu tellijale v\u00e4ljastamise hetkel. Kui kauba pakendit on v\u00f5imalik avada pakendit rikkumata, kohustub tellija pakendi selliselt ka avama. Juhul, kui kauba originaalpakend on kahjustunud v\u00f5i kui kauba prooviperioodil toimunud kauba kasutamine \u00fcletab kaubaga tutvumiseks vajaliku m\u00f5istliku ulatuse v\u00f5i kui tagastatav kaup ei ole uue samalaadse kaubaga analoogilises seisukorras, siis on M\u00fc\u00fcjal \u00f5igus arvestada Tellijale tagastamisele kuuluvast summast \u00fchepoolselt maha kauba v\u00e4\u00e4rtuse v\u00e4henemisele vastav h\u00fcvitis. H\u00fcvitise suurus m\u00e4\u00e4ratakse kindlaks igakordselt l\u00e4htudes tagastatud kauba v\u00e4\u00e4rtuse v\u00f5imaliku v\u00e4henemise ulatusest ning h\u00fcvitise suurusest teavitatakse tellijat esimesel v\u00f5imalusel p\u00e4rast h\u00fcvitise suuruse v\u00e4ljaselgitamist.<\/p><p><strong>5.4<\/strong>\u00a0Kauba tagastamise kulud kannab ostja, v\u00e4lja arvatud juhul, kui tagastamise p\u00f5hjus seisneb asjaolus, et tagastamisele kuuluv asi ei vasta tellitule (nt vale v\u00f5i defektiga asi).<\/p><p><strong>5.5<\/strong>\u00a0Ostja peab kauba tagastama avalduse esitamisele j\u00e4rgneva 14 p\u00e4eva jooksul v\u00f5i esitama t\u00f5endi, et ta on eelnimetatud perioodi jooksul kauba \u00fcle andnud kauba vedajale.<\/p><p><strong>5.6<\/strong>\u00a0Veebipood tagastab tagastatava kauba k\u00e4ttesaamisel ostjale viivitamata, kuid mitte hiljem kui 14 p\u00e4eva m\u00f6\u00f6dumisel arvates taganemisavalduse saamisest, k\u00f5ik ostjalt lepingu alusel saadud tasud.<\/p><p><strong>5.7<\/strong>\u00a0Veebipood v\u00f5ib keelduda tagasimaksete tegemisest seni, kuni on lepingu esemeks oleva asja tagasi saanud v\u00f5i kuni ostja on esitanud t\u00f5endid, et on asja tagasi saatnud, s\u00f5ltuvalt sellest, kumb toimub varem.<\/p><p><u><\/u><u><\/u><strong>5.8<\/strong>\u00a0Kui ostja on s\u00f5naselgelt valinud Veebipoe pakutud k\u00f5ige odavamast tavap\u00e4rasest asja k\u00e4ttetoimetamise viisist erineva k\u00e4ttetoimetamise viisi, ei pea Veebipood tarbijale tagastama kulu, mis \u00fcletab tavap\u00e4rase k\u00e4ttetoimetamise viisiga seotud kulu.<\/p><p><u><\/u><u><\/u><strong>5.9<\/strong>\u00a0Veebipoel on \u00f5igus taganeda m\u00fc\u00fcgitehingust ning n\u00f5uda ostjalt tagasi kaup, kui kauba hind veebipoes on eksituse t\u00f5ttu m\u00e4rgitud oluliselt alla kauba turuhinna.<\/p><p><strong>5.10<\/strong>\u00a0Kaubast taganemiseks peab klient t\u00e4ita kaubast taganemise avalduse, mis on leitav siit:\u00a0<strong><a href=\"https:\/\/new.cha.ee\/kauba-tagastamine\">Kauba tagastamise avaldus<\/a><\/strong><\/p><p><strong>5.11<\/strong>\u00a0Peale avalduse esitamist v\u00f5ite kauba saata Haabersti Rimi Smartposti, DPD v\u00f5i Omniva pakiautomaati numbrile\u00a0<strong>+372 5306 2253<\/strong>, v\u00f5i suurema eseme puhul tagastada see meie esindusse aadressil\u00a0<b>P\u00e4evalille 15-3<\/b><strong>, 13517 Tallinn<\/strong>.<\/p><p><strong>5.12<\/strong>\u00a0Pretensioonide esitamise aeg on 2 aastat. Seejuures tuleb arvestada, et kui kaubal ilmneb puudus 6 kuu jooksul peale selle ostmist, siis eeldatakse, et need olid olemas juba kauba ostmise ajal, kui m\u00fc\u00fcja ei t\u00f5esta vastupidist. Peale 6-kuise perioodi m\u00f6\u00f6dumist kauba ostust tuleb tarbijal endal t\u00f5estada, et tegemist on tootmisveaga, mitte tarbija enda valest kasutamisest tingitud defektiga.<\/p><p><strong>5.13<\/strong>\u00a0Ostjal on \u00f5igus puuduse ilmnemisel p\u00f6\u00f6rduda hiljemalt kahe kuu jooksul veebipoe poole, saates e-kirja v\u00f5i helistada telefonil:\u00a0<strong>+372 5306 2253<\/strong><strong>.\u00a0<\/strong>Veebipood vastab tarbija esitatud kaebusele kirjalikult v\u00f5i kirjalikku taasesitamist v\u00f5imaldavas vormis 15 p\u00e4eva jooksul.<\/p><p><strong>5.14<\/strong>\u00a0Kui tellitud kaupa ei ole v\u00f5imalik tarnida seoses kauba l\u00f5ppemisega v\u00f5i muul p\u00f5hjusel, teavitatakse sellest ostjat esimesel v\u00f5imalusel ning tagastatakse tasutud raha (sh kauba k\u00e4ttetoimetamise kulud) \u00fcldjuhul 1-2 t\u00f6\u00f6p\u00e4eva jooksul. S\u00f5ltuvalt makseviisist v\u00f5ib laekumine aega v\u00f5tta kuni 7 t\u00f6\u00f6p\u00e4eva.<\/p><h3>6. ANDMEKAITSE<\/h3><p><strong>6.1<\/strong>\u00a0Kliendi isikuandmeid t\u00f6\u00f6deldakse koosk\u00f5las isikuandmete kaitse seadusega.<\/p><p><strong>6.2<\/strong>\u00a0Rasa Trading Company AS kogub Tarbija isikuandmeid kliendikonto loomisel ja\/v\u00f5i tellimuse vormistamisel.<\/p><p><strong>6.3<\/strong>\u00a0T\u00f6\u00f6deldavad isikuandmed on Tarbija nimi, e-posti aadress, mobiiltelefoni number ja tarbimiseelistused.<\/p><p><strong>6.4<\/strong>\u00a0Rasa Trading Company AS kasutab isikuandmeid Tarbijale teenuste osutamiseks, edasi arendamiseks ja personaliseerimiseks. Nimetatud teenuste all tuleb eelk\u00f5ige silmas pidada veebipoes Tarbijatele kaupade m\u00fc\u00fcki ja personaliseeritud pakkumiste korraldamist.<\/p><p><strong>6.5<\/strong>\u00a0Tarbija annab veebipoes andmeid sisestades ning vastava kinnitusega \u00f5iguse koguda ja t\u00f6\u00f6delda Tarbija isikuandmeid ning edastada logistikapartnerile vajalikke andmeid kauba kohaletoimetamiseks.<\/p><p><strong>6.6<\/strong>\u00a0Rasa Trading Company AS-l on \u00f5igus kasutada Tarbija elu- v\u00f5i asukoha aadressi reklaami ja muu informatsiooni edastamiseks Tarbijale.<\/p><p><strong>6.7<\/strong>\u00a0Tarbijal on igal ajal \u00f5igus keelata oma isikuandmete kogumine ning kasutamine, v\u00e4lja arvatud juhul, kui see on vajalik lepingust tuleneva n\u00f5ude sissen\u00f5udmiseks v\u00f5i kauba kohaletoimetamiseks.\u00a0<strong>Eelnimetatud isikuandmete kasutamise n\u00f5usolekut ei saa tagasi v\u00f5tta tagasiulatuvalt.<\/strong><\/p><p><strong>6.8<\/strong>\u00a0Elektrooniliste isikuandmete kasutamine otsepostituseks toimub ainult siis, kui Tarbija on selle jaoks andnud n\u00f5usoleku Rasa Trading Company AS veebilehel.<\/p><p><strong>6.9<\/strong>\u00a0Kr\u00fcpteeritud andmeside pankadega ostude eest tasumisel tagab Tarbija personaalsete pangatunnuste turvalisuse ja neile puudub ka Rasa Trading Company AS-l ligip\u00e4\u00e4s.<\/p><p><strong>6.9.1<\/strong>\u00a0Rasa Trading Company AS ei edasta Kliendi kohta saadud isikuandmeid kolmandatele isikutele.<\/p><p><strong>6.10<\/strong>\u00a0Rasa Trading Company AS-l on \u00f5igus edastada kliendi Facebook Messengeri kampaaniaid, uudiseid ning tellimustega seonduvaid teavitusi.<\/p><h3>7. MUUD TINGIMUSED<\/h3><p><strong>7.1 VASTUTUS JA V\u00c4\u00c4RAMATU J\u00d5UD:<\/strong><\/p><p><strong>7.1.1<\/strong>\u00a0Rasa Trading Company AS vastutab Teie ees ja Teie vastutate Rasa Trading Company AS ees teisele poolele k\u00e4esolevate tingimuste rikkumisega tekitatud kahju eest Eesti Vabariigis kehtivates \u00f5igusaktides s\u00e4testatud juhtudel ja ulatuses.<\/p><p><strong>7.1.2<\/strong>\u00a0Rasa Trading Company AS ei vastuta Teile tekitatud kahjude eest v\u00f5i toote kohaletoimetamise viibimise eest juhul, kui kahju v\u00f5i toote kohaletoomise viibimine on tingitud asjaolust, mida Rasa Trading Company AS ei saanud m\u00f5jutada ning mille saabumist Rasa Trading Company AS ei n\u00e4inud ette ega v\u00f5inud ette n\u00e4ha (v\u00e4\u00e4ramatu j\u00f5ud).<\/p><p><strong>7.2 KOHUSTUSTE RIKKUMINE:<\/strong><\/p><p><strong>7.2.1<\/strong>\u00a0Kohustuste rikkumine on tellimuse tingimuste t\u00e4itmata j\u00e4tmine v\u00f5i tingimuste mittekohane t\u00e4itmine, sealhulgas t\u00e4itmisega viivitamine.<\/p><h3><strong>7.3 \u00d5IGUSKAISEVAHENDID KOHUSTUSTE RIKKUMISE KORRAL:<\/strong><\/h3><p><strong>7.3.1<\/strong>\u00a0Kui veebipood on kohustusi rikkunud, v\u00f5ib klient:<\/p><p>1) n\u00f5uda kohustuse t\u00e4itmist;<\/p><p>2) oma v\u00f5lgnetava kohustuse t\u00e4itmisest keelduda;<\/p><p>3) n\u00f5uda kahju h\u00fcvitamist;<\/p><p>4) taganeda lepingust v\u00f5i \u00f6elda leping \u00fcles;<\/p><p>5) alandada hinda;<\/p><p>6) rahalise kohustuse t\u00e4itmisega viivitamise korral n\u00f5uda viivist.<\/p><p><strong>7.3.2<\/strong>\u00a0Klient v\u00f5ib kohustuse rikkumise korral kasutada eraldi v\u00f5i koos k\u00f5iki seadusest v\u00f5i lepingust tulenevaid \u00f5iguskaitsevahendeid, mida saab \u00fcheaegselt kasutada, kui seadusest v\u00f5i lepingust ei tulene teisiti. Eelk\u00f5ige ei v\u00f5ta kohustuse rikkumisest tuleneva \u00f5iguskaitsevahendi kasutamine kliendilt \u00f5igust n\u00f5uda kohustuse rikkumisega tekitatud kahju h\u00fcvitamist.<\/p><p><strong>7.3.3<\/strong>\u00a0Klient ei v\u00f5i tugineda kohustuse rikkumisele Rasa Trading Company AS poolt ega kasutada sellest tulenevalt \u00f5iguskaitsevahendeid niiv\u00f5rd, kuiv\u00f5rd selle rikkumise p\u00f5hjustas tema enda tegu v\u00f5i temast tulenev asjaolu v\u00f5i s\u00fcndmus, mille toimumise riisikot ta kannab.<\/p><h3><strong>8. KUPONGID, SOODUSKOODID JA PREEMIAPUNKTID<\/strong><\/h3><p><strong>8.1<\/strong>\u00a0Kuponge ja sooduskoode saavad kasutada k\u00f5ik kasutajad, juhul kui kasutaja on selle saanud.<\/p><p><strong>8.2<\/strong>\u00a0Kuponge ja sooduskoode jagatakse medifum facebooki f\u00e4nnilehel ja liitunud kasutaja puhul e-mailile.<\/p><p><strong>8.3<\/strong>\u00a0Kupongi v\u00f5i sooduskoodi kasutamiseks tuleb lisada ostukorvi soovitud tooted ning ostukorvis sooduskoodi lahtrisse kirjutada kood ning vajutada LISA nupule, s\u00fcsteem arvutab automaatselt soodustuse.<\/p><p><strong>8.4<\/strong>\u00a0Kupongidel ja sooduskoodidel on aegumist\u00e4htaeg ning see info on leitav samal hetkel kui oled kupongi saanud.<\/p><p><strong>8.5<\/strong>\u00a0Korraga ei saa kasutada kahte kupongi.<\/p><p><strong>8.6<\/strong>\u00a0Kupongi saab kasutada allahinnatud tootel lisasoodustusena, juhul kui kupong seda v\u00f5imaldab.<\/p><p><strong>8.7<\/strong>\u00a0Preemiapunkte teenib iga kasutaja ilma registreerimiseta, e-maili p\u00f5hiselt. Juhul kui tellija e-maili aadress erinev tellimuste puhul, kogunevad ka punktid erinevatele kontodele. Kindlam on registreerida konto, et punktid ei oleks erinevate e-mailide peal laiali.<\/p><p><strong>8.8<\/strong>\u00a0Preemiapunktide teenimise koenfitsent on 10 punkti iga kulutatud 1\u20ac kohta<\/p><p><strong>8.9<\/strong>\u00a0Preemiapunktide kasutamise koenfitsent, 100 punkti annab 1\u20ac ostukorvi.<\/p><p><strong>8.10<\/strong>\u00a0Preemiapunktid \u00fcmardadakse summalt \u00fcles poole t\u00e4isarvuni.<\/p><p><strong>8.11<\/strong>\u00a0Preemiapunkte ei saa rahas v\u00e4lja v\u00f5tta v\u00f5i vahetada sooduskupongide vastu.<\/p><p><strong>8.12<\/strong>\u00a0Preemiapunktid aeguvad 3 kuu jooksul.<\/p><p><strong>8.13<\/strong>\u00a0Registreerides kasutajakonto teenid 200 preemiapunkti (2\u20ac) osturaha oma j\u00e4rgmise tellimuse jaoks<\/p><p><strong>8.14<\/strong>\u00a0Korraga saab kasutada 50% ostukorvi summa ulatuses preemiapunkte.<\/p><h3><strong>9. KLIENDI \u00d5IGUSED VAIDLUSTE LAHENDAMISEL<\/strong><\/h3><p><strong>9.1<\/strong>\u00a0K\u00e4esolevates tingimustes eraldi lahendamata k\u00fcsimustes l\u00e4htutakse Eesti Vabariigis kehtivatest \u00f5igusaktidest.<\/p><p><strong>9.2<\/strong>\u00a0Vaidluste lahendamiseks v\u00f5ib klient p\u00f6\u00f6rduda Euroopa Liidu tarbijavaidlusi lahendava platvormi poole (<a href=\"https:\/\/ec.europa.eu\/consumers\/odr\/main\/index.cfm?event=main.home2.show&amp;lng=ET\">https:\/\/ec.europa.eu\/consumers\/odr\/main\/index.cfm?event=main.home2.show&amp;lng=ET<\/a>), Tarbijakaitse ja Tehnilise J\u00e4relevalve Ametisse (<a href=\"https:\/\/www.ttja.ee\/et\/tarbijale\/kaebuse-esitamine\">https:\/\/www.ttja.ee\/et\/tarbijale\/kaebuse-esitamine<\/a>) v\u00f5i kohtusse.<\/p><section><strong>K\u00fcsimuste korral v\u00f5tke \u00fchendust kirjutades info@oaklounge.com.<\/strong><\/section>\t\t\t\t\t\t<\/div>\n\t\t\t\t<\/div>\n\t\t\t\t\t<\/div>\n\t\t\t\t<\/div>\n\t\t\t\t<\/div>\n\t\t","protected":false},"excerpt":{"rendered":"<p>1. \u00dcLDINFO 1.1\u00a0Kirjade vastamise aeg on kuni 5 t\u00f6\u00f6p\u00e4eva. Kui tekib k\u00fcsimusi v\u00f5i soovite teada tellimuse kohta infot, p\u00f6\u00f6rduge julgelt klienditeeninduse\u00a0poole. 1.2\u00a0Makseid v\u00f5etakse vastu valuutas\u00a0EUR. 1.3\u00a0Antud veebilehte haldab\u00a0Rasa Trading Company AS. 2. TELLIMINE 2.1\u00a0Tooteid saate tellida meie veebipoest ilma registreerumiseta, kuid registreeritud kasutajatele v\u00f5ivad rakenduda lisasoodustused. S\u00fcsteem on turvaline ja mugav kasutada, ning isikuandmed on [&hellip;]<\/p>\n","protected":false},"author":1,"featured_media":0,"parent":0,"menu_order":0,"comment_status":"closed","ping_status":"closed","template":"","meta":{"footnotes":""},"yoast_head":"<!-- This site is optimized with the Yoast SEO plugin v22.5 - https:\/\/yoast.com\/wordpress\/plugins\/seo\/ -->\n<title>M\u00fc\u00fcgitingimused | new.theoaklounge.com<\/title>\n<meta name=\"robots\" content=\"index, follow, max-snippet:-1, max-image-preview:large, max-video-preview:-1\" \/>\n<link rel=\"canonical\" href=\"https:\/\/new.theoaklounge.com\/et\/muugitingimused\/\" \/>\n<meta property=\"og:locale\" content=\"et_EE\" \/>\n<meta property=\"og:type\" content=\"article\" \/>\n<meta property=\"og:title\" content=\"M\u00fc\u00fcgitingimused | new.theoaklounge.com\" \/>\n<meta property=\"og:description\" content=\"1. \u00dcLDINFO 1.1\u00a0Kirjade vastamise aeg on kuni 5 t\u00f6\u00f6p\u00e4eva. Kui tekib k\u00fcsimusi v\u00f5i soovite teada tellimuse kohta infot, p\u00f6\u00f6rduge julgelt klienditeeninduse\u00a0poole. 1.2\u00a0Makseid v\u00f5etakse vastu valuutas\u00a0EUR. 1.3\u00a0Antud veebilehte haldab\u00a0Rasa Trading Company AS. 2. TELLIMINE 2.1\u00a0Tooteid saate tellida meie veebipoest ilma registreerumiseta, kuid registreeritud kasutajatele v\u00f5ivad rakenduda lisasoodustused. S\u00fcsteem on turvaline ja mugav kasutada, ning isikuandmed on [&hellip;]\" \/>\n<meta property=\"og:url\" content=\"https:\/\/new.theoaklounge.com\/et\/muugitingimused\/\" \/>\n<meta property=\"og:site_name\" content=\"new.theoaklounge.com\" \/>\n<meta property=\"article:publisher\" content=\"https:\/\/www.facebook.com\/probiootiline\" \/>\n<meta property=\"article:modified_time\" content=\"2024-08-07T14:04:54+00:00\" \/>\n<meta name=\"twitter:card\" content=\"summary_large_image\" \/>\n<meta name=\"twitter:label1\" content=\"Est. reading time\" \/>\n\t<meta name=\"twitter:data1\" content=\"9 minutit\" \/>\n<script type=\"application\/ld+json\" class=\"yoast-schema-graph\">{\"@context\":\"https:\/\/schema.org\",\"@graph\":[{\"@type\":\"WebPage\",\"@id\":\"https:\/\/new.theoaklounge.com\/et\/muugitingimused\/\",\"url\":\"https:\/\/new.theoaklounge.com\/et\/muugitingimused\/\",\"name\":\"M\u00fc\u00fcgitingimused | new.theoaklounge.com\",\"isPartOf\":{\"@id\":\"https:\/\/new.theoaklounge.com\/et\/#website\"},\"datePublished\":\"2023-12-14T15:52:42+00:00\",\"dateModified\":\"2024-08-07T14:04:54+00:00\",\"breadcrumb\":{\"@id\":\"https:\/\/new.theoaklounge.com\/et\/muugitingimused\/#breadcrumb\"},\"inLanguage\":\"et\",\"potentialAction\":[{\"@type\":\"ReadAction\",\"target\":[\"https:\/\/new.theoaklounge.com\/et\/muugitingimused\/\"]}]},{\"@type\":\"BreadcrumbList\",\"@id\":\"https:\/\/new.theoaklounge.com\/et\/muugitingimused\/#breadcrumb\",\"itemListElement\":[{\"@type\":\"ListItem\",\"position\":1,\"name\":\"Esileht\",\"item\":\"https:\/\/new.theoaklounge.com\/et\/\"},{\"@type\":\"ListItem\",\"position\":2,\"name\":\"M\u00fc\u00fcgitingimused\"}]},{\"@type\":\"WebSite\",\"@id\":\"https:\/\/new.theoaklounge.com\/et\/#website\",\"url\":\"https:\/\/new.theoaklounge.com\/et\/\",\"name\":\"new.theoaklounge.com\",\"description\":\"Probiootilised h\u00fcgieeni-, koristus ja ilutooted\",\"publisher\":{\"@id\":\"https:\/\/new.theoaklounge.com\/et\/#organization\"},\"alternateName\":\"Pro&Bio\",\"potentialAction\":[{\"@type\":\"SearchAction\",\"target\":{\"@type\":\"EntryPoint\",\"urlTemplate\":\"https:\/\/new.theoaklounge.com\/et\/?s={search_term_string}\"},\"query-input\":\"required name=search_term_string\"}],\"inLanguage\":\"et\"},{\"@type\":\"Organization\",\"@id\":\"https:\/\/new.theoaklounge.com\/et\/#organization\",\"name\":\"Probio Group O\u00dc\",\"alternateName\":\"Pro&Bio\",\"url\":\"https:\/\/new.theoaklounge.com\/et\/\",\"logo\":{\"@type\":\"ImageObject\",\"inLanguage\":\"et\",\"@id\":\"https:\/\/new.theoaklounge.com\/et\/#\/schema\/logo\/image\/\",\"url\":\"https:\/\/new.theoaklounge.com\/wp-content\/uploads\/2024\/01\/Naomi-Goodwin-2-transparent.webp\",\"contentUrl\":\"https:\/\/new.theoaklounge.com\/wp-content\/uploads\/2024\/01\/Naomi-Goodwin-2-transparent.webp\",\"width\":1986,\"height\":1966,\"caption\":\"Probio Group O\u00dc\"},\"image\":{\"@id\":\"https:\/\/new.theoaklounge.com\/et\/#\/schema\/logo\/image\/\"},\"sameAs\":[\"https:\/\/www.facebook.com\/probiootiline\",\"https:\/\/www.instagram.com\/probiootiline\/\"]}]}<\/script>\n<!-- \/ Yoast SEO plugin. -->","yoast_head_json":{"title":"M\u00fc\u00fcgitingimused | new.theoaklounge.com","robots":{"index":"index","follow":"follow","max-snippet":"max-snippet:-1","max-image-preview":"max-image-preview:large","max-video-preview":"max-video-preview:-1"},"canonical":"https:\/\/new.theoaklounge.com\/et\/muugitingimused\/","og_locale":"et_EE","og_type":"article","og_title":"M\u00fc\u00fcgitingimused | new.theoaklounge.com","og_description":"1. \u00dcLDINFO 1.1\u00a0Kirjade vastamise aeg on kuni 5 t\u00f6\u00f6p\u00e4eva. Kui tekib k\u00fcsimusi v\u00f5i soovite teada tellimuse kohta infot, p\u00f6\u00f6rduge julgelt klienditeeninduse\u00a0poole. 1.2\u00a0Makseid v\u00f5etakse vastu valuutas\u00a0EUR. 1.3\u00a0Antud veebilehte haldab\u00a0Rasa Trading Company AS. 2. TELLIMINE 2.1\u00a0Tooteid saate tellida meie veebipoest ilma registreerumiseta, kuid registreeritud kasutajatele v\u00f5ivad rakenduda lisasoodustused. S\u00fcsteem on turvaline ja mugav kasutada, ning isikuandmed on [&hellip;]","og_url":"https:\/\/new.theoaklounge.com\/et\/muugitingimused\/","og_site_name":"new.theoaklounge.com","article_publisher":"https:\/\/www.facebook.com\/probiootiline","article_modified_time":"2024-08-07T14:04:54+00:00","twitter_card":"summary_large_image","twitter_misc":{"Est. reading time":"9 minutit"},"schema":{"@context":"https:\/\/schema.org","@graph":[{"@type":"WebPage","@id":"https:\/\/new.theoaklounge.com\/et\/muugitingimused\/","url":"https:\/\/new.theoaklounge.com\/et\/muugitingimused\/","name":"M\u00fc\u00fcgitingimused | new.theoaklounge.com","isPartOf":{"@id":"https:\/\/new.theoaklounge.com\/et\/#website"},"datePublished":"2023-12-14T15:52:42+00:00","dateModified":"2024-08-07T14:04:54+00:00","breadcrumb":{"@id":"https:\/\/new.theoaklounge.com\/et\/muugitingimused\/#breadcrumb"},"inLanguage":"et","potentialAction":[{"@type":"ReadAction","target":["https:\/\/new.theoaklounge.com\/et\/muugitingimused\/"]}]},{"@type":"BreadcrumbList","@id":"https:\/\/new.theoaklounge.com\/et\/muugitingimused\/#breadcrumb","itemListElement":[{"@type":"ListItem","position":1,"name":"Esileht","item":"https:\/\/new.theoaklounge.com\/et\/"},{"@type":"ListItem","position":2,"name":"M\u00fc\u00fcgitingimused"}]},{"@type":"WebSite","@id":"https:\/\/new.theoaklounge.com\/et\/#website","url":"https:\/\/new.theoaklounge.com\/et\/","name":"new.theoaklounge.com","description":"Probiootilised h\u00fcgieeni-, koristus ja ilutooted","publisher":{"@id":"https:\/\/new.theoaklounge.com\/et\/#organization"},"alternateName":"Pro&Bio","potentialAction":[{"@type":"SearchAction","target":{"@type":"EntryPoint","urlTemplate":"https:\/\/new.theoaklounge.com\/et\/?s={search_term_string}"},"query-input":"required name=search_term_string"}],"inLanguage":"et"},{"@type":"Organization","@id":"https:\/\/new.theoaklounge.com\/et\/#organization","name":"Probio Group O\u00dc","alternateName":"Pro&Bio","url":"https:\/\/new.theoaklounge.com\/et\/","logo":{"@type":"ImageObject","inLanguage":"et","@id":"https:\/\/new.theoaklounge.com\/et\/#\/schema\/logo\/image\/","url":"https:\/\/new.theoaklounge.com\/wp-content\/uploads\/2024\/01\/Naomi-Goodwin-2-transparent.webp","contentUrl":"https:\/\/new.theoaklounge.com\/wp-content\/uploads\/2024\/01\/Naomi-Goodwin-2-transparent.webp","width":1986,"height":1966,"caption":"Probio Group O\u00dc"},"image":{"@id":"https:\/\/new.theoaklounge.com\/et\/#\/schema\/logo\/image\/"},"sameAs":["https:\/\/www.facebook.com\/probiootiline","https:\/\/www.instagram.com\/probiootiline\/"]}]}},"_links":{"self":[{"href":"https:\/\/new.theoaklounge.com\/et\/wp-json\/wp\/v2\/pages\/12"}],"collection":[{"href":"https:\/\/new.theoaklounge.com\/et\/wp-json\/wp\/v2\/pages"}],"about":[{"href":"https:\/\/new.theoaklounge.com\/et\/wp-json\/wp\/v2\/types\/page"}],"author":[{"embeddable":true,"href":"https:\/\/new.theoaklounge.com\/et\/wp-json\/wp\/v2\/users\/1"}],"replies":[{"embeddable":true,"href":"https:\/\/new.theoaklounge.com\/et\/wp-json\/wp\/v2\/comments?post=12"}],"version-history":[{"count":13,"href":"https:\/\/new.theoaklounge.com\/et\/wp-json\/wp\/v2\/pages\/12\/revisions"}],"predecessor-version":[{"id":141095,"href":"https:\/\/new.theoaklounge.com\/et\/wp-json\/wp\/v2\/pages\/12\/revisions\/141095"}],"wp:attachment":[{"href":"https:\/\/new.theoaklounge.com\/et\/wp-json\/wp\/v2\/media?parent=12"}],"curies":[{"name":"wp","href":"https:\/\/api.w.org\/{rel}","templated":true}]}}